{"id":23,"date":"2022-07-04T11:50:41","date_gmt":"2022-07-04T09:50:41","guid":{"rendered":"http:\/\/www.kolping-second-hand.shop\/?page_id=23"},"modified":"2023-09-04T11:25:53","modified_gmt":"2023-09-04T09:25:53","slug":"ueber-uns","status":"publish","type":"page","link":"https:\/\/www.kolping-second-hand.shop\/ansbach\/ueber-uns\/","title":{"rendered":"\u00dcber uns"},"content":{"rendered":"\n<h1 class=\"wp-block-heading has-text-align-center has-text-color\" style=\"color:#ff7c00\">Unsere Mission<\/h1>\n\n\n\n<h2 class=\"wp-block-heading has-text-align-center\">&#8211; Gebrauchte Waren zum&nbsp;<em>fairen&nbsp;<\/em>Preis &#8211;<\/h2>\n\n\n\n<div class=\"wp-block-group\"><div class=\"wp-block-group__inner-container is-layout-flow wp-block-group-is-layout-flow\">\n<p class=\"has-text-align-center\">Die Geschichte des Kolping Second-Hand Shops umfasst inzwischen schon ein Jahrzehnt. \u00dcber viele Jahre hinweg, hat sich der Laden dem Wandel der Zeit angepasst, wobei Nachhaltigkeit und soziales Engagement schon immer die wichtigsten Punkte waren.<\/p>\n\n\n\n<p class=\"has-text-align-center\">Die Ware f\u00fcr unseren Second-Hand-Shop wird seit vielen Jahrzehnten von B\u00fcrgerinnen und B\u00fcrgern gespendet, welche ihre ausgedienten &#8222;Sch\u00e4tzchen&#8220; zwar selbst nicht mehr gebrauchen k\u00f6nnen, aber ihnen in den L\u00e4den von Kolping ein &#8222;zweites Leben&#8220; schenken wollen.&nbsp;<\/p>\n\n\n\n<p class=\"has-text-align-center\">Dabei ist der Verkaufsleitung wichtig, Ihnen als Kunden, ein rundum besonderes und sch\u00f6nes Einkaufserlebnis zu erm\u00f6glichen &#8211; eine Entdeckungsreise, alles immer unter dem Motto: <\/p>\n\n\n\n<p class=\"has-text-align-center\"><a href=\"https:\/\/www.kolping-second-hand.shop\/ansbach\/nachhaltig-sozial\/\"><strong><em>NACHHALTIG &amp; SOZIAL<\/em><\/strong><\/a><\/p>\n\n\n\n<p class=\"has-text-align-center\"><\/p>\n<\/div><\/div>\n\n\n\n<p class=\"has-white-color has-text-color\">g<\/p>\n\n\n\n<p class=\"has-white-color has-text-color\">g<\/p>\n","protected":false},"excerpt":{"rendered":"<p>Unsere Mission &#8211; Gebrauchte Waren zum&nbsp;fairen&nbsp;Preis &#8211; Die Geschichte des Kolping Second-Hand Shops umfasst inzwischen schon ein Jahrzehnt. \u00dcber viele Jahre hinweg, hat sich der Laden dem Wandel der Zeit angepasst, wobei [&hellip;]<\/p>\n","protected":false},"author":1,"featured_media":0,"parent":0,"menu_order":3,"comment_status":"closed","ping_status":"closed","template":"","meta":{"pgc_sgb_lightbox_settings":"","footnotes":""},"class_list":["post-23","page","type-page","status-publish","hentry"],"yoast_head":"<!-- This site is optimized with the Yoast SEO plugin v22.8 - https:\/\/yoast.com\/wordpress\/plugins\/seo\/ -->\n<title>\u00dcber uns - Kolping Second-Hand Shop Ansbach<\/title>\n<meta name=\"robots\" content=\"index, follow, max-snippet:-1, max-image-preview:large, max-video-preview:-1\" \/>\n<link rel=\"canonical\" href=\"https:\/\/www.kolping-second-hand.shop\/ansbach\/ueber-uns\/\" \/>\n<meta property=\"og:locale\" content=\"de_DE\" \/>\n<meta property=\"og:type\" content=\"article\" \/>\n<meta property=\"og:title\" content=\"\u00dcber uns - Kolping Second-Hand Shop Ansbach\" \/>\n<meta property=\"og:description\" content=\"Unsere Mission &#8211; Gebrauchte Waren zum&nbsp;fairen&nbsp;Preis &#8211; Die Geschichte des Kolping Second-Hand Shops umfasst inzwischen schon ein Jahrzehnt. \u00dcber viele Jahre hinweg, hat sich der Laden dem Wandel der Zeit angepasst, wobei [&hellip;]\" \/>\n<meta property=\"og:url\" content=\"https:\/\/www.kolping-second-hand.shop\/ansbach\/ueber-uns\/\" \/>\n<meta property=\"og:site_name\" content=\"Kolping Second-Hand Shop\" \/>\n<meta property=\"article:publisher\" content=\"https:\/\/facebook.com\/\" \/>\n<meta property=\"article:modified_time\" content=\"2023-09-04T09:25:53+00:00\" \/>\n<meta name=\"twitter:card\" content=\"summary_large_image\" \/>\n<meta name=\"twitter:label1\" content=\"Gesch\u00e4tzte Lesezeit\" \/>\n\t<meta name=\"twitter:data1\" content=\"1\u00a0Minute\" \/>\n<script type=\"application\/ld+json\" class=\"yoast-schema-graph\">{\"@context\":\"https:\/\/schema.org\",\"@graph\":[{\"@type\":\"WebPage\",\"@id\":\"https:\/\/www.kolping-second-hand.shop\/ansbach\/ueber-uns\/\",\"url\":\"https:\/\/www.kolping-second-hand.shop\/ansbach\/ueber-uns\/\",\"name\":\"\u00dcber uns - Kolping Second-Hand Shop Ansbach\",\"isPartOf\":{\"@id\":\"https:\/\/www.kolping-second-hand.shop\/ansbach\/#website\"},\"datePublished\":\"2022-07-04T09:50:41+00:00\",\"dateModified\":\"2023-09-04T09:25:53+00:00\",\"breadcrumb\":{\"@id\":\"https:\/\/www.kolping-second-hand.shop\/ansbach\/ueber-uns\/#breadcrumb\"},\"inLanguage\":\"de\",\"potentialAction\":[{\"@type\":\"ReadAction\",\"target\":[\"https:\/\/www.kolping-second-hand.shop\/ansbach\/ueber-uns\/\"]}]},{\"@type\":\"BreadcrumbList\",\"@id\":\"https:\/\/www.kolping-second-hand.shop\/ansbach\/ueber-uns\/#breadcrumb\",\"itemListElement\":[{\"@type\":\"ListItem\",\"position\":1,\"name\":\"Startseite\",\"item\":\"https:\/\/www.kolping-second-hand.shop\/ansbach\/\"},{\"@type\":\"ListItem\",\"position\":2,\"name\":\"\u00dcber uns\"}]},{\"@type\":\"WebSite\",\"@id\":\"https:\/\/www.kolping-second-hand.shop\/ansbach\/#website\",\"url\":\"https:\/\/www.kolping-second-hand.shop\/ansbach\/\",\"name\":\"Kolping Second-Hand Shop\",\"description\":\"\",\"publisher\":{\"@id\":\"https:\/\/www.kolping-second-hand.shop\/ansbach\/#organization\"},\"potentialAction\":[{\"@type\":\"SearchAction\",\"target\":{\"@type\":\"EntryPoint\",\"urlTemplate\":\"https:\/\/www.kolping-second-hand.shop\/ansbach\/?s={search_term_string}\"},\"query-input\":\"required name=search_term_string\"}],\"inLanguage\":\"de\"},{\"@type\":\"Organization\",\"@id\":\"https:\/\/www.kolping-second-hand.shop\/ansbach\/#organization\",\"name\":\"Kolping Second-Hand Shop Ansbach\",\"url\":\"https:\/\/www.kolping-second-hand.shop\/ansbach\/\",\"logo\":{\"@type\":\"ImageObject\",\"inLanguage\":\"de\",\"@id\":\"https:\/\/www.kolping-second-hand.shop\/ansbach\/#\/schema\/logo\/image\/\",\"url\":\"https:\/\/www.kolping-second-hand.shop\/ansbach\/wp-content\/uploads\/2022\/07\/logo-kolping.png\",\"contentUrl\":\"https:\/\/www.kolping-second-hand.shop\/ansbach\/wp-content\/uploads\/2022\/07\/logo-kolping.png\",\"width\":220,\"height\":49,\"caption\":\"Kolping Second-Hand Shop Ansbach\"},\"image\":{\"@id\":\"https:\/\/www.kolping-second-hand.shop\/ansbach\/#\/schema\/logo\/image\/\"},\"sameAs\":[\"https:\/\/facebook.com\/\"]}]}<\/script>\n<!-- \/ Yoast SEO plugin. -->","yoast_head_json":{"title":"\u00dcber uns - Kolping Second-Hand Shop Ansbach","robots":{"index":"index","follow":"follow","max-snippet":"max-snippet:-1","max-image-preview":"max-image-preview:large","max-video-preview":"max-video-preview:-1"},"canonical":"https:\/\/www.kolping-second-hand.shop\/ansbach\/ueber-uns\/","og_locale":"de_DE","og_type":"article","og_title":"\u00dcber uns - Kolping Second-Hand Shop Ansbach","og_description":"Unsere Mission &#8211; Gebrauchte Waren zum&nbsp;fairen&nbsp;Preis &#8211; Die Geschichte des Kolping Second-Hand Shops umfasst inzwischen schon ein Jahrzehnt. \u00dcber viele Jahre hinweg, hat sich der Laden dem Wandel der Zeit angepasst, wobei [&hellip;]","og_url":"https:\/\/www.kolping-second-hand.shop\/ansbach\/ueber-uns\/","og_site_name":"Kolping Second-Hand Shop","article_publisher":"https:\/\/facebook.com\/","article_modified_time":"2023-09-04T09:25:53+00:00","twitter_card":"summary_large_image","twitter_misc":{"Gesch\u00e4tzte Lesezeit":"1\u00a0Minute"},"schema":{"@context":"https:\/\/schema.org","@graph":[{"@type":"WebPage","@id":"https:\/\/www.kolping-second-hand.shop\/ansbach\/ueber-uns\/","url":"https:\/\/www.kolping-second-hand.shop\/ansbach\/ueber-uns\/","name":"\u00dcber uns - Kolping Second-Hand Shop Ansbach","isPartOf":{"@id":"https:\/\/www.kolping-second-hand.shop\/ansbach\/#website"},"datePublished":"2022-07-04T09:50:41+00:00","dateModified":"2023-09-04T09:25:53+00:00","breadcrumb":{"@id":"https:\/\/www.kolping-second-hand.shop\/ansbach\/ueber-uns\/#breadcrumb"},"inLanguage":"de","potentialAction":[{"@type":"ReadAction","target":["https:\/\/www.kolping-second-hand.shop\/ansbach\/ueber-uns\/"]}]},{"@type":"BreadcrumbList","@id":"https:\/\/www.kolping-second-hand.shop\/ansbach\/ueber-uns\/#breadcrumb","itemListElement":[{"@type":"ListItem","position":1,"name":"Startseite","item":"https:\/\/www.kolping-second-hand.shop\/ansbach\/"},{"@type":"ListItem","position":2,"name":"\u00dcber uns"}]},{"@type":"WebSite","@id":"https:\/\/www.kolping-second-hand.shop\/ansbach\/#website","url":"https:\/\/www.kolping-second-hand.shop\/ansbach\/","name":"Kolping Second-Hand Shop","description":"","publisher":{"@id":"https:\/\/www.kolping-second-hand.shop\/ansbach\/#organization"},"potentialAction":[{"@type":"SearchAction","target":{"@type":"EntryPoint","urlTemplate":"https:\/\/www.kolping-second-hand.shop\/ansbach\/?s={search_term_string}"},"query-input":"required name=search_term_string"}],"inLanguage":"de"},{"@type":"Organization","@id":"https:\/\/www.kolping-second-hand.shop\/ansbach\/#organization","name":"Kolping Second-Hand Shop Ansbach","url":"https:\/\/www.kolping-second-hand.shop\/ansbach\/","logo":{"@type":"ImageObject","inLanguage":"de","@id":"https:\/\/www.kolping-second-hand.shop\/ansbach\/#\/schema\/logo\/image\/","url":"https:\/\/www.kolping-second-hand.shop\/ansbach\/wp-content\/uploads\/2022\/07\/logo-kolping.png","contentUrl":"https:\/\/www.kolping-second-hand.shop\/ansbach\/wp-content\/uploads\/2022\/07\/logo-kolping.png","width":220,"height":49,"caption":"Kolping Second-Hand Shop Ansbach"},"image":{"@id":"https:\/\/www.kolping-second-hand.shop\/ansbach\/#\/schema\/logo\/image\/"},"sameAs":["https:\/\/facebook.com\/"]}]}},"_links":{"self":[{"href":"https:\/\/www.kolping-second-hand.shop\/ansbach\/wp-json\/wp\/v2\/pages\/23","targetHints":{"allow":["GET"]}}],"collection":[{"href":"https:\/\/www.kolping-second-hand.shop\/ansbach\/wp-json\/wp\/v2\/pages"}],"about":[{"href":"https:\/\/www.kolping-second-hand.shop\/ansbach\/wp-json\/wp\/v2\/types\/page"}],"author":[{"embeddable":true,"href":"https:\/\/www.kolping-second-hand.shop\/ansbach\/wp-json\/wp\/v2\/users\/1"}],"replies":[{"embeddable":true,"href":"https:\/\/www.kolping-second-hand.shop\/ansbach\/wp-json\/wp\/v2\/comments?post=23"}],"version-history":[{"count":12,"href":"https:\/\/www.kolping-second-hand.shop\/ansbach\/wp-json\/wp\/v2\/pages\/23\/revisions"}],"predecessor-version":[{"id":299,"href":"https:\/\/www.kolping-second-hand.shop\/ansbach\/wp-json\/wp\/v2\/pages\/23\/revisions\/299"}],"wp:attachment":[{"href":"https:\/\/www.kolping-second-hand.shop\/ansbach\/wp-json\/wp\/v2\/media?parent=23"}],"curies":[{"name":"wp","href":"https:\/\/api.w.org\/{rel}","templated":true}]}}