{"id":25,"date":"2022-07-04T11:51:10","date_gmt":"2022-07-04T09:51:10","guid":{"rendered":"http:\/\/www.kolping-second-hand.shop\/?page_id=25"},"modified":"2025-12-23T09:58:19","modified_gmt":"2025-12-23T08:58:19","slug":"warenannahme","status":"publish","type":"page","link":"https:\/\/www.kolping-second-hand.shop\/ansbach\/warenannahme\/","title":{"rendered":"Warenannahme"},"content":{"rendered":"\n<h1 class=\"wp-block-heading has-text-align-center has-text-color\" style=\"color:#ff7c00\">Warenannahme<\/h1>\n\n\n\n<h2 class=\"wp-block-heading has-text-align-center\">Ihre alten Gebrauchsgegenst\u00e4nde sind bei uns in guten H\u00e4nden<\/h2>\n\n\n\n<div style=\"height:50px\" aria-hidden=\"true\" class=\"wp-block-spacer\"><\/div>\n\n\n\n<p class=\"has-text-align-center\">Alle Waren, welche in unserem Laden zum Verkauf stehen, stammen aus Spenden von B\u00fcrgerinnen und B\u00fcrgern.<\/p>\n\n\n\n<p class=\"has-text-align-center\">Sie haben Gegenst\u00e4nde, welche Sie nicht mehr gebrauchen oder welche ausgedient haben, aber noch voll funktionsf\u00e4hig bzw. zu schade sind, um diese wegzuwerfen?&nbsp;<\/p>\n\n\n\n<p class=\"has-text-align-center\"><strong>Dann sind Sie bei uns Richtig.<\/strong><\/p>\n\n\n\n<p class=\"has-white-color has-text-color\">g<\/p>\n\n\n\n<div class=\"wp-block-group is-vertical is-content-justification-center is-layout-flex wp-container-core-group-is-layout-4b2eccd6 wp-block-group-is-layout-flex\">\n<p class=\"has-text-align-center\">Gerne k\u00f6nnen Sie Ihre ihre Waren zu den gegebenen \u00d6ffnungszeiten <\/p>\n\n\n\n<p class=\"has-text-align-center\">der Warenannahme im Laden abgeben.<\/p>\n<\/div>\n\n\n\n<div class=\"wp-block-group\"><div class=\"wp-block-group__inner-container is-layout-flow wp-block-group-is-layout-flow\">\n<div style=\"height:50px\" aria-hidden=\"true\" class=\"wp-block-spacer\"><\/div>\n\n\n\n<p class=\"has-text-align-center\"><strong>\u00d6ffnungszeiten der Warenannahme:<\/strong><\/p>\n\n\n\n<p class=\"has-text-align-center\"><strong>Montag &amp; Donnerstag: 10:00 &#8211; 18:00 Uhr<\/strong><\/p>\n\n\n\n<p class=\"has-text-align-center\"><\/p>\n\n\n\n<p class=\"has-text-align-center has-white-color has-text-color\">g<\/p>\n<\/div><\/div>\n\n\n\n<p class=\"has-text-align-center has-medium-font-size\"><em>Wichtig: Das unerlaubte Abstellen von Ware ist nicht gestattet!<\/em><\/p>\n","protected":false},"excerpt":{"rendered":"<p>Warenannahme Ihre alten Gebrauchsgegenst\u00e4nde sind bei uns in guten H\u00e4nden Alle Waren, welche in unserem Laden zum Verkauf stehen, stammen aus Spenden von B\u00fcrgerinnen und B\u00fcrgern. Sie haben Gegenst\u00e4nde, welche Sie nicht [&hellip;]<\/p>\n","protected":false},"author":1,"featured_media":0,"parent":0,"menu_order":4,"comment_status":"closed","ping_status":"closed","template":"","meta":{"pgc_sgb_lightbox_settings":"","footnotes":""},"class_list":["post-25","page","type-page","status-publish","hentry"],"yoast_head":"<!-- This site is optimized with the Yoast SEO plugin v22.8 - https:\/\/yoast.com\/wordpress\/plugins\/seo\/ -->\n<title>Warenannahme - Kolping Second-Hand Shop Ansbach<\/title>\n<meta name=\"robots\" content=\"index, follow, max-snippet:-1, max-image-preview:large, max-video-preview:-1\" \/>\n<link rel=\"canonical\" href=\"https:\/\/www.kolping-second-hand.shop\/ansbach\/warenannahme\/\" \/>\n<meta property=\"og:locale\" content=\"de_DE\" \/>\n<meta property=\"og:type\" content=\"article\" \/>\n<meta property=\"og:title\" content=\"Warenannahme - Kolping Second-Hand Shop Ansbach\" \/>\n<meta property=\"og:description\" content=\"Warenannahme Ihre alten Gebrauchsgegenst\u00e4nde sind bei uns in guten H\u00e4nden Alle Waren, welche in unserem Laden zum Verkauf stehen, stammen aus Spenden von B\u00fcrgerinnen und B\u00fcrgern. Sie haben Gegenst\u00e4nde, welche Sie nicht [&hellip;]\" \/>\n<meta property=\"og:url\" content=\"https:\/\/www.kolping-second-hand.shop\/ansbach\/warenannahme\/\" \/>\n<meta property=\"og:site_name\" content=\"Kolping Second-Hand Shop\" \/>\n<meta property=\"article:publisher\" content=\"https:\/\/facebook.com\/\" \/>\n<meta property=\"article:modified_time\" content=\"2025-12-23T08:58:19+00:00\" \/>\n<meta name=\"twitter:card\" content=\"summary_large_image\" \/>\n<meta name=\"twitter:label1\" content=\"Gesch\u00e4tzte Lesezeit\" \/>\n\t<meta name=\"twitter:data1\" content=\"1\u00a0Minute\" \/>\n<script type=\"application\/ld+json\" class=\"yoast-schema-graph\">{\"@context\":\"https:\/\/schema.org\",\"@graph\":[{\"@type\":\"WebPage\",\"@id\":\"https:\/\/www.kolping-second-hand.shop\/ansbach\/warenannahme\/\",\"url\":\"https:\/\/www.kolping-second-hand.shop\/ansbach\/warenannahme\/\",\"name\":\"Warenannahme - Kolping Second-Hand Shop Ansbach\",\"isPartOf\":{\"@id\":\"https:\/\/www.kolping-second-hand.shop\/ansbach\/#website\"},\"datePublished\":\"2022-07-04T09:51:10+00:00\",\"dateModified\":\"2025-12-23T08:58:19+00:00\",\"breadcrumb\":{\"@id\":\"https:\/\/www.kolping-second-hand.shop\/ansbach\/warenannahme\/#breadcrumb\"},\"inLanguage\":\"de\",\"potentialAction\":[{\"@type\":\"ReadAction\",\"target\":[\"https:\/\/www.kolping-second-hand.shop\/ansbach\/warenannahme\/\"]}]},{\"@type\":\"BreadcrumbList\",\"@id\":\"https:\/\/www.kolping-second-hand.shop\/ansbach\/warenannahme\/#breadcrumb\",\"itemListElement\":[{\"@type\":\"ListItem\",\"position\":1,\"name\":\"Startseite\",\"item\":\"https:\/\/www.kolping-second-hand.shop\/ansbach\/\"},{\"@type\":\"ListItem\",\"position\":2,\"name\":\"Warenannahme\"}]},{\"@type\":\"WebSite\",\"@id\":\"https:\/\/www.kolping-second-hand.shop\/ansbach\/#website\",\"url\":\"https:\/\/www.kolping-second-hand.shop\/ansbach\/\",\"name\":\"Kolping Second-Hand Shop\",\"description\":\"\",\"publisher\":{\"@id\":\"https:\/\/www.kolping-second-hand.shop\/ansbach\/#organization\"},\"potentialAction\":[{\"@type\":\"SearchAction\",\"target\":{\"@type\":\"EntryPoint\",\"urlTemplate\":\"https:\/\/www.kolping-second-hand.shop\/ansbach\/?s={search_term_string}\"},\"query-input\":\"required name=search_term_string\"}],\"inLanguage\":\"de\"},{\"@type\":\"Organization\",\"@id\":\"https:\/\/www.kolping-second-hand.shop\/ansbach\/#organization\",\"name\":\"Kolping Second-Hand Shop Ansbach\",\"url\":\"https:\/\/www.kolping-second-hand.shop\/ansbach\/\",\"logo\":{\"@type\":\"ImageObject\",\"inLanguage\":\"de\",\"@id\":\"https:\/\/www.kolping-second-hand.shop\/ansbach\/#\/schema\/logo\/image\/\",\"url\":\"https:\/\/www.kolping-second-hand.shop\/ansbach\/wp-content\/uploads\/2022\/07\/logo-kolping.png\",\"contentUrl\":\"https:\/\/www.kolping-second-hand.shop\/ansbach\/wp-content\/uploads\/2022\/07\/logo-kolping.png\",\"width\":220,\"height\":49,\"caption\":\"Kolping Second-Hand Shop Ansbach\"},\"image\":{\"@id\":\"https:\/\/www.kolping-second-hand.shop\/ansbach\/#\/schema\/logo\/image\/\"},\"sameAs\":[\"https:\/\/facebook.com\/\"]}]}<\/script>\n<!-- \/ Yoast SEO plugin. -->","yoast_head_json":{"title":"Warenannahme - Kolping Second-Hand Shop Ansbach","robots":{"index":"index","follow":"follow","max-snippet":"max-snippet:-1","max-image-preview":"max-image-preview:large","max-video-preview":"max-video-preview:-1"},"canonical":"https:\/\/www.kolping-second-hand.shop\/ansbach\/warenannahme\/","og_locale":"de_DE","og_type":"article","og_title":"Warenannahme - Kolping Second-Hand Shop Ansbach","og_description":"Warenannahme Ihre alten Gebrauchsgegenst\u00e4nde sind bei uns in guten H\u00e4nden Alle Waren, welche in unserem Laden zum Verkauf stehen, stammen aus Spenden von B\u00fcrgerinnen und B\u00fcrgern. Sie haben Gegenst\u00e4nde, welche Sie nicht [&hellip;]","og_url":"https:\/\/www.kolping-second-hand.shop\/ansbach\/warenannahme\/","og_site_name":"Kolping Second-Hand Shop","article_publisher":"https:\/\/facebook.com\/","article_modified_time":"2025-12-23T08:58:19+00:00","twitter_card":"summary_large_image","twitter_misc":{"Gesch\u00e4tzte Lesezeit":"1\u00a0Minute"},"schema":{"@context":"https:\/\/schema.org","@graph":[{"@type":"WebPage","@id":"https:\/\/www.kolping-second-hand.shop\/ansbach\/warenannahme\/","url":"https:\/\/www.kolping-second-hand.shop\/ansbach\/warenannahme\/","name":"Warenannahme - Kolping Second-Hand Shop Ansbach","isPartOf":{"@id":"https:\/\/www.kolping-second-hand.shop\/ansbach\/#website"},"datePublished":"2022-07-04T09:51:10+00:00","dateModified":"2025-12-23T08:58:19+00:00","breadcrumb":{"@id":"https:\/\/www.kolping-second-hand.shop\/ansbach\/warenannahme\/#breadcrumb"},"inLanguage":"de","potentialAction":[{"@type":"ReadAction","target":["https:\/\/www.kolping-second-hand.shop\/ansbach\/warenannahme\/"]}]},{"@type":"BreadcrumbList","@id":"https:\/\/www.kolping-second-hand.shop\/ansbach\/warenannahme\/#breadcrumb","itemListElement":[{"@type":"ListItem","position":1,"name":"Startseite","item":"https:\/\/www.kolping-second-hand.shop\/ansbach\/"},{"@type":"ListItem","position":2,"name":"Warenannahme"}]},{"@type":"WebSite","@id":"https:\/\/www.kolping-second-hand.shop\/ansbach\/#website","url":"https:\/\/www.kolping-second-hand.shop\/ansbach\/","name":"Kolping Second-Hand Shop","description":"","publisher":{"@id":"https:\/\/www.kolping-second-hand.shop\/ansbach\/#organization"},"potentialAction":[{"@type":"SearchAction","target":{"@type":"EntryPoint","urlTemplate":"https:\/\/www.kolping-second-hand.shop\/ansbach\/?s={search_term_string}"},"query-input":"required name=search_term_string"}],"inLanguage":"de"},{"@type":"Organization","@id":"https:\/\/www.kolping-second-hand.shop\/ansbach\/#organization","name":"Kolping Second-Hand Shop Ansbach","url":"https:\/\/www.kolping-second-hand.shop\/ansbach\/","logo":{"@type":"ImageObject","inLanguage":"de","@id":"https:\/\/www.kolping-second-hand.shop\/ansbach\/#\/schema\/logo\/image\/","url":"https:\/\/www.kolping-second-hand.shop\/ansbach\/wp-content\/uploads\/2022\/07\/logo-kolping.png","contentUrl":"https:\/\/www.kolping-second-hand.shop\/ansbach\/wp-content\/uploads\/2022\/07\/logo-kolping.png","width":220,"height":49,"caption":"Kolping Second-Hand Shop Ansbach"},"image":{"@id":"https:\/\/www.kolping-second-hand.shop\/ansbach\/#\/schema\/logo\/image\/"},"sameAs":["https:\/\/facebook.com\/"]}]}},"_links":{"self":[{"href":"https:\/\/www.kolping-second-hand.shop\/ansbach\/wp-json\/wp\/v2\/pages\/25","targetHints":{"allow":["GET"]}}],"collection":[{"href":"https:\/\/www.kolping-second-hand.shop\/ansbach\/wp-json\/wp\/v2\/pages"}],"about":[{"href":"https:\/\/www.kolping-second-hand.shop\/ansbach\/wp-json\/wp\/v2\/types\/page"}],"author":[{"embeddable":true,"href":"https:\/\/www.kolping-second-hand.shop\/ansbach\/wp-json\/wp\/v2\/users\/1"}],"replies":[{"embeddable":true,"href":"https:\/\/www.kolping-second-hand.shop\/ansbach\/wp-json\/wp\/v2\/comments?post=25"}],"version-history":[{"count":16,"href":"https:\/\/www.kolping-second-hand.shop\/ansbach\/wp-json\/wp\/v2\/pages\/25\/revisions"}],"predecessor-version":[{"id":336,"href":"https:\/\/www.kolping-second-hand.shop\/ansbach\/wp-json\/wp\/v2\/pages\/25\/revisions\/336"}],"wp:attachment":[{"href":"https:\/\/www.kolping-second-hand.shop\/ansbach\/wp-json\/wp\/v2\/media?parent=25"}],"curies":[{"name":"wp","href":"https:\/\/api.w.org\/{rel}","templated":true}]}}