{"id":254,"date":"2022-09-30T14:51:29","date_gmt":"2022-09-30T12:51:29","guid":{"rendered":"https:\/\/www.kolping-second-hand.shop\/ansbach\/?page_id=254"},"modified":"2022-09-30T15:14:20","modified_gmt":"2022-09-30T13:14:20","slug":"nachhaltig-sozial","status":"publish","type":"page","link":"https:\/\/www.kolping-second-hand.shop\/ansbach\/nachhaltig-sozial\/","title":{"rendered":"Nachhaltig &#038; Sozial"},"content":{"rendered":"<div class=\"lazyblock-sm-grid-3-blank-Z22MSFr align  wp-block-lazyblock-sm-grid-3-blank\"><section style=\"background: #ffffff\">\n  <div class=\"container\">\n    \n\n<h2 class=\"has-text-align-center has-black-color has-text-color wp-block-heading\">Nachhaltigkeit wird bei uns gro\u00df geschrieben<\/h2>\n\n\n\n<p class=\"has-text-align-center\">Kolping engagiert sich seit Jahren bei der R\u00fcckgewinnung von Rohstoffen durch strenge Sortierung.&nbsp;Bei uns bekommt fast alles eine 2. Chance und sollte es doch mal entsorgt werden m\u00fcssen &#8211; dann korrekt!&nbsp;<\/p>\n\n\n\n<p class=\"has-text-align-center\">N\u00e4here Informationen bez\u00fcglich unseren Nachhaltigkeitsstandards&nbsp;sowie unseren Dienstleistungen finden Sie&nbsp;<a href=\"https:\/\/www.kolping-second-hand.shop\/ansbach\/nachhaltigkeit\">hier.<\/a><\/p>\n\n\n\n<div style=\"height:30px\" aria-hidden=\"true\" class=\"wp-block-spacer\"><\/div>\n\n\n\n<p class=\"has-text-align-center\"><em>\u201eWir k\u00f6nnen viel, wenn wir nur nachhaltig wollen; wir k\u00f6nnen Gro\u00dfes, wenn t\u00fcchtige Kr\u00e4fte sich vereinen.\u201c<\/em><\/p>\n\n\n\n<p class=\"has-text-align-center\">Adolph Kolping<\/p>\n\n\n\n<p class=\"has-text-align-center\">(KS 2, S. 202)<\/p>\n\n  <\/div>\n<\/section><\/div>\n\n\n<p class=\"has-white-color has-text-color\">g<\/p>\n\n\n\n<p class=\"has-white-color has-text-color\">g<\/p>\n\n\n<div class=\"lazyblock-sm-grid-3-blank-1k47B4 align  wp-block-lazyblock-sm-grid-3-blank\"><section style=\"background: #ffffff\">\n  <div class=\"container\">\n    \n\n<h2 class=\"has-text-align-center has-black-color has-text-color wp-block-heading\">Sozial ist unser Selbstverst\u00e4ndnis<\/h2>\n\n\n\n<p class=\"has-text-align-center\">Wir bieten benachteiligten Menschen eine Arbeitsst\u00e4tte. Wir haben uns zur Aufgabe gemacht, unsere Arbeitskr\u00e4fte ins Leben und auf den Arbeitsmarkt zu bringen. Unsere Arbeitsphilosophie lautet:<\/p>\n\n\n\n<p class=\"has-text-color\" style=\"color:#ff7c00;font-size:24px\"><strong>S<\/strong>  icherheit<\/p>\n\n\n\n<p class=\"has-text-color\" style=\"color:#ff7c00;font-size:24px\"><strong>O<\/strong>  rientierung<\/p>\n\n\n\n<p class=\"has-text-color\" style=\"color:#ff7c00;font-size:24px\"><strong>Z<\/strong>  uverdienst <\/p>\n\n\n\n<p class=\"has-text-color\" style=\"color:#ff7c00;font-size:24px\"><strong>I<\/strong>  ntegration<\/p>\n\n\n\n<p class=\"has-text-color\" style=\"color:#ff7c00;font-size:24px\"><strong>A<\/strong>  ussicht<\/p>\n\n\n\n<p class=\"has-text-color\" style=\"color:#ff7c00;font-size:24px\"><strong>L<\/strong>  ebenshilfe<\/p>\n\n\n\n<p><\/p>\n\n  <\/div>\n<\/section><\/div>","protected":false},"excerpt":{"rendered":"<p>g g<\/p>\n","protected":false},"author":3,"featured_media":0,"parent":0,"menu_order":0,"comment_status":"closed","ping_status":"closed","template":"","meta":{"pgc_sgb_lightbox_settings":"","footnotes":""},"class_list":["post-254","page","type-page","status-publish","hentry"],"yoast_head":"<!-- This site is optimized with the Yoast SEO plugin v22.8 - https:\/\/yoast.com\/wordpress\/plugins\/seo\/ -->\n<title>Nachhaltig &amp; Sozial - Kolping Second-Hand Shop Ansbach<\/title>\n<meta name=\"robots\" content=\"index, follow, max-snippet:-1, max-image-preview:large, max-video-preview:-1\" \/>\n<link rel=\"canonical\" href=\"https:\/\/www.kolping-second-hand.shop\/ansbach\/nachhaltig-sozial\/\" \/>\n<meta property=\"og:locale\" content=\"de_DE\" \/>\n<meta property=\"og:type\" content=\"article\" \/>\n<meta property=\"og:title\" content=\"Nachhaltig &amp; Sozial - Kolping Second-Hand Shop Ansbach\" \/>\n<meta property=\"og:description\" content=\"g g\" \/>\n<meta property=\"og:url\" content=\"https:\/\/www.kolping-second-hand.shop\/ansbach\/nachhaltig-sozial\/\" \/>\n<meta property=\"og:site_name\" content=\"Kolping Second-Hand Shop\" \/>\n<meta property=\"article:publisher\" content=\"https:\/\/facebook.com\/\" \/>\n<meta property=\"article:modified_time\" content=\"2022-09-30T13:14:20+00:00\" \/>\n<meta name=\"twitter:card\" content=\"summary_large_image\" \/>\n<meta name=\"twitter:label1\" content=\"Gesch\u00e4tzte Lesezeit\" \/>\n\t<meta name=\"twitter:data1\" content=\"1\u00a0Minute\" \/>\n<script type=\"application\/ld+json\" class=\"yoast-schema-graph\">{\"@context\":\"https:\/\/schema.org\",\"@graph\":[{\"@type\":\"WebPage\",\"@id\":\"https:\/\/www.kolping-second-hand.shop\/ansbach\/nachhaltig-sozial\/\",\"url\":\"https:\/\/www.kolping-second-hand.shop\/ansbach\/nachhaltig-sozial\/\",\"name\":\"Nachhaltig & Sozial - Kolping Second-Hand Shop Ansbach\",\"isPartOf\":{\"@id\":\"https:\/\/www.kolping-second-hand.shop\/ansbach\/#website\"},\"datePublished\":\"2022-09-30T12:51:29+00:00\",\"dateModified\":\"2022-09-30T13:14:20+00:00\",\"breadcrumb\":{\"@id\":\"https:\/\/www.kolping-second-hand.shop\/ansbach\/nachhaltig-sozial\/#breadcrumb\"},\"inLanguage\":\"de\",\"potentialAction\":[{\"@type\":\"ReadAction\",\"target\":[\"https:\/\/www.kolping-second-hand.shop\/ansbach\/nachhaltig-sozial\/\"]}]},{\"@type\":\"BreadcrumbList\",\"@id\":\"https:\/\/www.kolping-second-hand.shop\/ansbach\/nachhaltig-sozial\/#breadcrumb\",\"itemListElement\":[{\"@type\":\"ListItem\",\"position\":1,\"name\":\"Startseite\",\"item\":\"https:\/\/www.kolping-second-hand.shop\/ansbach\/\"},{\"@type\":\"ListItem\",\"position\":2,\"name\":\"Nachhaltig &#038; Sozial\"}]},{\"@type\":\"WebSite\",\"@id\":\"https:\/\/www.kolping-second-hand.shop\/ansbach\/#website\",\"url\":\"https:\/\/www.kolping-second-hand.shop\/ansbach\/\",\"name\":\"Kolping Second-Hand Shop\",\"description\":\"\",\"publisher\":{\"@id\":\"https:\/\/www.kolping-second-hand.shop\/ansbach\/#organization\"},\"potentialAction\":[{\"@type\":\"SearchAction\",\"target\":{\"@type\":\"EntryPoint\",\"urlTemplate\":\"https:\/\/www.kolping-second-hand.shop\/ansbach\/?s={search_term_string}\"},\"query-input\":\"required name=search_term_string\"}],\"inLanguage\":\"de\"},{\"@type\":\"Organization\",\"@id\":\"https:\/\/www.kolping-second-hand.shop\/ansbach\/#organization\",\"name\":\"Kolping Second-Hand Shop Ansbach\",\"url\":\"https:\/\/www.kolping-second-hand.shop\/ansbach\/\",\"logo\":{\"@type\":\"ImageObject\",\"inLanguage\":\"de\",\"@id\":\"https:\/\/www.kolping-second-hand.shop\/ansbach\/#\/schema\/logo\/image\/\",\"url\":\"https:\/\/www.kolping-second-hand.shop\/ansbach\/wp-content\/uploads\/2022\/07\/logo-kolping.png\",\"contentUrl\":\"https:\/\/www.kolping-second-hand.shop\/ansbach\/wp-content\/uploads\/2022\/07\/logo-kolping.png\",\"width\":220,\"height\":49,\"caption\":\"Kolping Second-Hand Shop Ansbach\"},\"image\":{\"@id\":\"https:\/\/www.kolping-second-hand.shop\/ansbach\/#\/schema\/logo\/image\/\"},\"sameAs\":[\"https:\/\/facebook.com\/\"]}]}<\/script>\n<!-- \/ Yoast SEO plugin. -->","yoast_head_json":{"title":"Nachhaltig & Sozial - Kolping Second-Hand Shop Ansbach","robots":{"index":"index","follow":"follow","max-snippet":"max-snippet:-1","max-image-preview":"max-image-preview:large","max-video-preview":"max-video-preview:-1"},"canonical":"https:\/\/www.kolping-second-hand.shop\/ansbach\/nachhaltig-sozial\/","og_locale":"de_DE","og_type":"article","og_title":"Nachhaltig & Sozial - Kolping Second-Hand Shop Ansbach","og_description":"g g","og_url":"https:\/\/www.kolping-second-hand.shop\/ansbach\/nachhaltig-sozial\/","og_site_name":"Kolping Second-Hand Shop","article_publisher":"https:\/\/facebook.com\/","article_modified_time":"2022-09-30T13:14:20+00:00","twitter_card":"summary_large_image","twitter_misc":{"Gesch\u00e4tzte Lesezeit":"1\u00a0Minute"},"schema":{"@context":"https:\/\/schema.org","@graph":[{"@type":"WebPage","@id":"https:\/\/www.kolping-second-hand.shop\/ansbach\/nachhaltig-sozial\/","url":"https:\/\/www.kolping-second-hand.shop\/ansbach\/nachhaltig-sozial\/","name":"Nachhaltig & Sozial - Kolping Second-Hand Shop Ansbach","isPartOf":{"@id":"https:\/\/www.kolping-second-hand.shop\/ansbach\/#website"},"datePublished":"2022-09-30T12:51:29+00:00","dateModified":"2022-09-30T13:14:20+00:00","breadcrumb":{"@id":"https:\/\/www.kolping-second-hand.shop\/ansbach\/nachhaltig-sozial\/#breadcrumb"},"inLanguage":"de","potentialAction":[{"@type":"ReadAction","target":["https:\/\/www.kolping-second-hand.shop\/ansbach\/nachhaltig-sozial\/"]}]},{"@type":"BreadcrumbList","@id":"https:\/\/www.kolping-second-hand.shop\/ansbach\/nachhaltig-sozial\/#breadcrumb","itemListElement":[{"@type":"ListItem","position":1,"name":"Startseite","item":"https:\/\/www.kolping-second-hand.shop\/ansbach\/"},{"@type":"ListItem","position":2,"name":"Nachhaltig &#038; Sozial"}]},{"@type":"WebSite","@id":"https:\/\/www.kolping-second-hand.shop\/ansbach\/#website","url":"https:\/\/www.kolping-second-hand.shop\/ansbach\/","name":"Kolping Second-Hand Shop","description":"","publisher":{"@id":"https:\/\/www.kolping-second-hand.shop\/ansbach\/#organization"},"potentialAction":[{"@type":"SearchAction","target":{"@type":"EntryPoint","urlTemplate":"https:\/\/www.kolping-second-hand.shop\/ansbach\/?s={search_term_string}"},"query-input":"required name=search_term_string"}],"inLanguage":"de"},{"@type":"Organization","@id":"https:\/\/www.kolping-second-hand.shop\/ansbach\/#organization","name":"Kolping Second-Hand Shop Ansbach","url":"https:\/\/www.kolping-second-hand.shop\/ansbach\/","logo":{"@type":"ImageObject","inLanguage":"de","@id":"https:\/\/www.kolping-second-hand.shop\/ansbach\/#\/schema\/logo\/image\/","url":"https:\/\/www.kolping-second-hand.shop\/ansbach\/wp-content\/uploads\/2022\/07\/logo-kolping.png","contentUrl":"https:\/\/www.kolping-second-hand.shop\/ansbach\/wp-content\/uploads\/2022\/07\/logo-kolping.png","width":220,"height":49,"caption":"Kolping Second-Hand Shop Ansbach"},"image":{"@id":"https:\/\/www.kolping-second-hand.shop\/ansbach\/#\/schema\/logo\/image\/"},"sameAs":["https:\/\/facebook.com\/"]}]}},"_links":{"self":[{"href":"https:\/\/www.kolping-second-hand.shop\/ansbach\/wp-json\/wp\/v2\/pages\/254","targetHints":{"allow":["GET"]}}],"collection":[{"href":"https:\/\/www.kolping-second-hand.shop\/ansbach\/wp-json\/wp\/v2\/pages"}],"about":[{"href":"https:\/\/www.kolping-second-hand.shop\/ansbach\/wp-json\/wp\/v2\/types\/page"}],"author":[{"embeddable":true,"href":"https:\/\/www.kolping-second-hand.shop\/ansbach\/wp-json\/wp\/v2\/users\/3"}],"replies":[{"embeddable":true,"href":"https:\/\/www.kolping-second-hand.shop\/ansbach\/wp-json\/wp\/v2\/comments?post=254"}],"version-history":[{"count":4,"href":"https:\/\/www.kolping-second-hand.shop\/ansbach\/wp-json\/wp\/v2\/pages\/254\/revisions"}],"predecessor-version":[{"id":268,"href":"https:\/\/www.kolping-second-hand.shop\/ansbach\/wp-json\/wp\/v2\/pages\/254\/revisions\/268"}],"wp:attachment":[{"href":"https:\/\/www.kolping-second-hand.shop\/ansbach\/wp-json\/wp\/v2\/media?parent=254"}],"curies":[{"name":"wp","href":"https:\/\/api.w.org\/{rel}","templated":true}]}}