{"id":95,"date":"2022-07-04T15:00:36","date_gmt":"2022-07-04T13:00:36","guid":{"rendered":"http:\/\/www.kolping-second-hand.shop\/helpie_faq_page\/"},"modified":"2022-07-12T11:03:22","modified_gmt":"2022-07-12T09:03:22","slug":"helpie_faq_page","status":"publish","type":"page","link":"https:\/\/www.kolping-second-hand.shop\/ansbach\/helpie_faq_page\/","title":{"rendered":"FAQs"},"content":{"rendered":"<section id='' class='helpie-faq accordions faq-toggle open-first ' data-collection='' data-pagination='0' data-search='0' data-pagination-enabled='0'><h1 class=\"collection-title\">FAQ<\/h1><h3 class='accordion__heading accordion__category'>Allgemein<\/h3><article class=\"accordion faq_list\"><div class='helpie-faq-row'><div class='helpie-faq-col helpie-faq-col-12' ><ul><li class=\"accordion__item \"><div class=\"accordion__header \" data-id=\"post-94\" data-item=\"hfaq-post-94\" style=\"background:transparent;\" data-tags=\"\"><div class=\"accordion__title\">Verkaufen Sie Geschenkgutscheine?<\/div><\/div><div class=\"accordion__body\" style=\"background:transparent;\"><p>Ja! Falls Sie jemandem eine Freude bereiten wollen, so ist ein Geschenkgutschein genau die richtige Idee. Mit jedem Gutschein setzen Sie ein Zeichen f\u00fcr Nachhaltigkeit und soziales Engagement.<\/p>\n<\/div><\/li><li class=\"accordion__item \"><div class=\"accordion__header \" data-id=\"post-97\" data-item=\"hfaq-post-97\" style=\"background:transparent;\" data-tags=\"\"><div class=\"accordion__title\">Wie sehen Ihre R\u00fcckgabebedingungen aus?<\/div><\/div><div class=\"accordion__body\" style=\"background:transparent;\"><p>Aufgrund der Tatsache, dass unsere Waren alle aus zweiter Hand sind, ist eine R\u00fcckgabe und eine Erstattung des Kaufpreises leider ausgeschlossen.<\/p>\n<\/div><\/li><li class=\"accordion__item \"><div class=\"accordion__header \" data-id=\"post-98\" data-item=\"hfaq-post-98\" style=\"background:transparent;\" data-tags=\"\"><div class=\"accordion__title\">Welche Zahlungsmethoden gibt es?<\/div><\/div><div class=\"accordion__body\" style=\"background:transparent;\"><p>In unserer Filiale k\u00f6nnen Sie sowohl mit Bargeld als auch bequem mit EC-Karte bezahlen.<\/p>\n<\/div><\/li><\/ul><\/div><\/div><\/article><h3 class='accordion__heading accordion__category'>Warenannahme<\/h3><article class=\"accordion faq_list\"><div class='helpie-faq-row'><div class='helpie-faq-col helpie-faq-col-12' ><ul><li class=\"accordion__item \"><div class=\"accordion__header \" data-id=\"post-109\" data-item=\"hfaq-post-109\" style=\"background:transparent;\" data-tags=\"\"><div class=\"accordion__title\">Welche Waren k\u00f6nnen abgegeben werden?<\/div><\/div><div class=\"accordion__body\" style=\"background:transparent;\"><p>S\u00e4mtliche Waren, welche funktionsf\u00e4hig, sauber und unversehrt sind, k\u00f6nnen Sie spenden. Das k\u00f6nnten z. B. diverse Kleidungsst\u00fccke, aber auch Reisekoffer, Spielsachen, Haushaltsgegenst\u00e4nde, Geschirr, Deko-Artikel, Bilder, B\u00fccher usw. sein.<br \/>\nOb wir die Ware annehmen&#8230; Aufgrund unserer Erfahrung im Handel mit Secondhand Waren k\u00f6nnen wir einsch\u00e4tzen, welche Gegenst\u00e4nde noch verkaufsf\u00e4hig sind und welche sich tendenziell schlecht bis gar nicht mehr verkaufen lassen. Wir bitten Sie um Verst\u00e4ndnis, falls mal ein Teil dabei sein sollte, welches wir nicht annehmen k\u00f6nnen.<\/p>\n<\/div><\/li><li class=\"accordion__item \"><div class=\"accordion__header \" data-id=\"post-114\" data-item=\"hfaq-post-114\" style=\"background:transparent;\" data-tags=\"\"><div class=\"accordion__title\">Wo kann ich die Waren abgeben?<\/div><\/div><div class=\"accordion__body\" style=\"background:transparent;\"><p>Die Waren k\u00f6nnen Sie direkt bei unserem Personal der Warenannahme (wei\u00dfer Pavillon rechts des Einganges) abgeben.<\/p>\n<\/div><\/li><li class=\"accordion__item \"><div class=\"accordion__header \" data-id=\"post-115\" data-item=\"hfaq-post-115\" style=\"background:transparent;\" data-tags=\"\"><div class=\"accordion__title\">Warum sollte ich Ware abgeben?<\/div><\/div><div class=\"accordion__body\" style=\"background:transparent;\"><p class=\"font_7\"><span class=\"color_15\">Es gibt viele gute Gr\u00fcnde z. B.:<br \/>\n<\/span><\/p>\n<ul class=\"font_7 color_15\">\n<li>\n<p class=\"font_7\"><span class=\"color_15\">Sie handeln nachhaltig<\/span><\/p>\n<\/li>\n<li>\n<p class=\"font_7\"><span class=\"color_15\">Sie unterst\u00fctzen soziale Projekte in Ihrer direkten Umgebung<\/span><\/p>\n<\/li>\n<li>\n<p class=\"font_7\"><span class=\"color_15\">Sie schaffen sich selbst neuen Raum<\/span><\/p>\n<\/li>\n<li>\n<p class=\"font_7\"><span class=\"color_15\">Liebgewonnene Gegenst\u00e4nden finden neue Verwendung<\/span><\/p>\n<\/li>\n<\/ul>\n<\/div><\/li><\/ul><\/div><\/div><\/article><\/section>\n","protected":false},"excerpt":{"rendered":"","protected":false},"author":1,"featured_media":0,"parent":0,"menu_order":10,"comment_status":"closed","ping_status":"closed","template":"","meta":{"pgc_sgb_lightbox_settings":"","footnotes":""},"class_list":["post-95","page","type-page","status-publish","hentry"],"yoast_head":"<!-- This site is optimized with the Yoast SEO plugin v22.8 - https:\/\/yoast.com\/wordpress\/plugins\/seo\/ -->\n<title>FAQs - Kolping Second-Hand Shop Ansbach<\/title>\n<meta name=\"robots\" content=\"index, follow, max-snippet:-1, max-image-preview:large, max-video-preview:-1\" \/>\n<link rel=\"canonical\" href=\"https:\/\/www.kolping-second-hand.shop\/ansbach\/helpie_faq_page\/\" \/>\n<meta property=\"og:locale\" content=\"de_DE\" \/>\n<meta property=\"og:type\" content=\"article\" \/>\n<meta property=\"og:title\" content=\"FAQs - Kolping Second-Hand Shop Ansbach\" \/>\n<meta property=\"og:url\" content=\"https:\/\/www.kolping-second-hand.shop\/ansbach\/helpie_faq_page\/\" \/>\n<meta property=\"og:site_name\" content=\"Kolping Second-Hand Shop\" \/>\n<meta property=\"article:publisher\" content=\"https:\/\/facebook.com\/\" \/>\n<meta property=\"article:modified_time\" content=\"2022-07-12T09:03:22+00:00\" \/>\n<meta name=\"twitter:card\" content=\"summary_large_image\" \/>\n<meta name=\"twitter:label1\" content=\"Gesch\u00e4tzte Lesezeit\" \/>\n\t<meta name=\"twitter:data1\" content=\"1\u00a0Minute\" \/>\n<script type=\"application\/ld+json\" class=\"yoast-schema-graph\">{\"@context\":\"https:\/\/schema.org\",\"@graph\":[{\"@type\":\"WebPage\",\"@id\":\"https:\/\/www.kolping-second-hand.shop\/ansbach\/helpie_faq_page\/\",\"url\":\"https:\/\/www.kolping-second-hand.shop\/ansbach\/helpie_faq_page\/\",\"name\":\"FAQs - Kolping Second-Hand Shop Ansbach\",\"isPartOf\":{\"@id\":\"https:\/\/www.kolping-second-hand.shop\/ansbach\/#website\"},\"datePublished\":\"2022-07-04T13:00:36+00:00\",\"dateModified\":\"2022-07-12T09:03:22+00:00\",\"breadcrumb\":{\"@id\":\"https:\/\/www.kolping-second-hand.shop\/ansbach\/helpie_faq_page\/#breadcrumb\"},\"inLanguage\":\"de\",\"potentialAction\":[{\"@type\":\"ReadAction\",\"target\":[\"https:\/\/www.kolping-second-hand.shop\/ansbach\/helpie_faq_page\/\"]}]},{\"@type\":\"BreadcrumbList\",\"@id\":\"https:\/\/www.kolping-second-hand.shop\/ansbach\/helpie_faq_page\/#breadcrumb\",\"itemListElement\":[{\"@type\":\"ListItem\",\"position\":1,\"name\":\"Startseite\",\"item\":\"https:\/\/www.kolping-second-hand.shop\/ansbach\/\"},{\"@type\":\"ListItem\",\"position\":2,\"name\":\"FAQs\"}]},{\"@type\":\"WebSite\",\"@id\":\"https:\/\/www.kolping-second-hand.shop\/ansbach\/#website\",\"url\":\"https:\/\/www.kolping-second-hand.shop\/ansbach\/\",\"name\":\"Kolping Second-Hand Shop\",\"description\":\"\",\"publisher\":{\"@id\":\"https:\/\/www.kolping-second-hand.shop\/ansbach\/#organization\"},\"potentialAction\":[{\"@type\":\"SearchAction\",\"target\":{\"@type\":\"EntryPoint\",\"urlTemplate\":\"https:\/\/www.kolping-second-hand.shop\/ansbach\/?s={search_term_string}\"},\"query-input\":\"required name=search_term_string\"}],\"inLanguage\":\"de\"},{\"@type\":\"Organization\",\"@id\":\"https:\/\/www.kolping-second-hand.shop\/ansbach\/#organization\",\"name\":\"Kolping Second-Hand Shop Ansbach\",\"url\":\"https:\/\/www.kolping-second-hand.shop\/ansbach\/\",\"logo\":{\"@type\":\"ImageObject\",\"inLanguage\":\"de\",\"@id\":\"https:\/\/www.kolping-second-hand.shop\/ansbach\/#\/schema\/logo\/image\/\",\"url\":\"https:\/\/www.kolping-second-hand.shop\/ansbach\/wp-content\/uploads\/2022\/07\/logo-kolping.png\",\"contentUrl\":\"https:\/\/www.kolping-second-hand.shop\/ansbach\/wp-content\/uploads\/2022\/07\/logo-kolping.png\",\"width\":220,\"height\":49,\"caption\":\"Kolping Second-Hand Shop Ansbach\"},\"image\":{\"@id\":\"https:\/\/www.kolping-second-hand.shop\/ansbach\/#\/schema\/logo\/image\/\"},\"sameAs\":[\"https:\/\/facebook.com\/\"]}]}<\/script>\n<!-- \/ Yoast SEO plugin. -->","yoast_head_json":{"title":"FAQs - Kolping Second-Hand Shop Ansbach","robots":{"index":"index","follow":"follow","max-snippet":"max-snippet:-1","max-image-preview":"max-image-preview:large","max-video-preview":"max-video-preview:-1"},"canonical":"https:\/\/www.kolping-second-hand.shop\/ansbach\/helpie_faq_page\/","og_locale":"de_DE","og_type":"article","og_title":"FAQs - Kolping Second-Hand Shop Ansbach","og_url":"https:\/\/www.kolping-second-hand.shop\/ansbach\/helpie_faq_page\/","og_site_name":"Kolping Second-Hand Shop","article_publisher":"https:\/\/facebook.com\/","article_modified_time":"2022-07-12T09:03:22+00:00","twitter_card":"summary_large_image","twitter_misc":{"Gesch\u00e4tzte Lesezeit":"1\u00a0Minute"},"schema":{"@context":"https:\/\/schema.org","@graph":[{"@type":"WebPage","@id":"https:\/\/www.kolping-second-hand.shop\/ansbach\/helpie_faq_page\/","url":"https:\/\/www.kolping-second-hand.shop\/ansbach\/helpie_faq_page\/","name":"FAQs - Kolping Second-Hand Shop Ansbach","isPartOf":{"@id":"https:\/\/www.kolping-second-hand.shop\/ansbach\/#website"},"datePublished":"2022-07-04T13:00:36+00:00","dateModified":"2022-07-12T09:03:22+00:00","breadcrumb":{"@id":"https:\/\/www.kolping-second-hand.shop\/ansbach\/helpie_faq_page\/#breadcrumb"},"inLanguage":"de","potentialAction":[{"@type":"ReadAction","target":["https:\/\/www.kolping-second-hand.shop\/ansbach\/helpie_faq_page\/"]}]},{"@type":"BreadcrumbList","@id":"https:\/\/www.kolping-second-hand.shop\/ansbach\/helpie_faq_page\/#breadcrumb","itemListElement":[{"@type":"ListItem","position":1,"name":"Startseite","item":"https:\/\/www.kolping-second-hand.shop\/ansbach\/"},{"@type":"ListItem","position":2,"name":"FAQs"}]},{"@type":"WebSite","@id":"https:\/\/www.kolping-second-hand.shop\/ansbach\/#website","url":"https:\/\/www.kolping-second-hand.shop\/ansbach\/","name":"Kolping Second-Hand Shop","description":"","publisher":{"@id":"https:\/\/www.kolping-second-hand.shop\/ansbach\/#organization"},"potentialAction":[{"@type":"SearchAction","target":{"@type":"EntryPoint","urlTemplate":"https:\/\/www.kolping-second-hand.shop\/ansbach\/?s={search_term_string}"},"query-input":"required name=search_term_string"}],"inLanguage":"de"},{"@type":"Organization","@id":"https:\/\/www.kolping-second-hand.shop\/ansbach\/#organization","name":"Kolping Second-Hand Shop Ansbach","url":"https:\/\/www.kolping-second-hand.shop\/ansbach\/","logo":{"@type":"ImageObject","inLanguage":"de","@id":"https:\/\/www.kolping-second-hand.shop\/ansbach\/#\/schema\/logo\/image\/","url":"https:\/\/www.kolping-second-hand.shop\/ansbach\/wp-content\/uploads\/2022\/07\/logo-kolping.png","contentUrl":"https:\/\/www.kolping-second-hand.shop\/ansbach\/wp-content\/uploads\/2022\/07\/logo-kolping.png","width":220,"height":49,"caption":"Kolping Second-Hand Shop Ansbach"},"image":{"@id":"https:\/\/www.kolping-second-hand.shop\/ansbach\/#\/schema\/logo\/image\/"},"sameAs":["https:\/\/facebook.com\/"]}]}},"_links":{"self":[{"href":"https:\/\/www.kolping-second-hand.shop\/ansbach\/wp-json\/wp\/v2\/pages\/95","targetHints":{"allow":["GET"]}}],"collection":[{"href":"https:\/\/www.kolping-second-hand.shop\/ansbach\/wp-json\/wp\/v2\/pages"}],"about":[{"href":"https:\/\/www.kolping-second-hand.shop\/ansbach\/wp-json\/wp\/v2\/types\/page"}],"author":[{"embeddable":true,"href":"https:\/\/www.kolping-second-hand.shop\/ansbach\/wp-json\/wp\/v2\/users\/1"}],"replies":[{"embeddable":true,"href":"https:\/\/www.kolping-second-hand.shop\/ansbach\/wp-json\/wp\/v2\/comments?post=95"}],"version-history":[{"count":1,"href":"https:\/\/www.kolping-second-hand.shop\/ansbach\/wp-json\/wp\/v2\/pages\/95\/revisions"}],"predecessor-version":[{"id":111,"href":"https:\/\/www.kolping-second-hand.shop\/ansbach\/wp-json\/wp\/v2\/pages\/95\/revisions\/111"}],"wp:attachment":[{"href":"https:\/\/www.kolping-second-hand.shop\/ansbach\/wp-json\/wp\/v2\/media?parent=95"}],"curies":[{"name":"wp","href":"https:\/\/api.w.org\/{rel}","templated":true}]}}