{"id":27,"date":"2022-07-04T11:51:32","date_gmt":"2022-07-04T09:51:32","guid":{"rendered":"http:\/\/www.kolping-second-hand.shop\/?page_id=27"},"modified":"2025-03-31T14:31:40","modified_gmt":"2025-03-31T12:31:40","slug":"sonderaktionen","status":"publish","type":"page","link":"https:\/\/www.kolping-second-hand.shop\/bamberg\/sonderaktionen\/","title":{"rendered":"Sonderaktionen"},"content":{"rendered":"\n<h1 class=\"wp-block-heading has-text-align-center has-text-color\" style=\"color:#ff7c00\">Sonderaktionen<\/h1>\n\n\n\n<h2 class=\"wp-block-heading has-text-align-center\">Zu besonderen Zeiten erhalten Sie bei uns besondere Ware<\/h2>\n\n\n\n<div style=\"height:60px\" aria-hidden=\"true\" class=\"wp-block-spacer\"><\/div>\n\n\n\n<div class=\"wp-block-media-text alignwide has-media-on-the-right is-stacked-on-mobile is-vertically-aligned-center\"><div class=\"wp-block-media-text__content\">\n<h2 class=\"wp-block-heading\"><strong>Ostermarkt<\/strong><\/h2>\n\n\n\n<h3 class=\"wp-block-heading\">Ab Februar <\/h3>\n\n\n\n<p>Unser Fr\u00fchlingsmarkt \u00f6ffnet immer mit Sprie\u00dfen der ersten Blumen seine Tore bzw. seine Treppe. Denn der liebevoll gestaltete Basar findet auf unserer Aktionsfl\u00e4che im 1. Stock, mit Blick auf den secondhand Markt, statt.<\/p>\n\n\n\n<p>\u200bWir sammeln das ganze Jahr \u00fcber besondere Oster- bzw. Fr\u00fchlingsartikel, um Haus und oder Wohnung nach einem langen Winter in die richtige &#8222;Stimmung&#8220; zu bringen. Lassen Sie sich von unserem Angebot an vielf\u00e4ltigsten Secondhand-Dekoartikeln begeistern.<\/p>\n\n\n\n<p>Ein Besuch auf der Suche nach ihrem pers\u00f6nlichen Oster\/Fr\u00fchlings-Highlight lohnt sich.<\/p>\n<\/div><figure class=\"wp-block-media-text__media\"><img loading=\"lazy\" decoding=\"async\" width=\"701\" height=\"1024\" src=\"https:\/\/www.kolping-second-hand.shop\/bamberg\/wp-content\/uploads\/2022\/07\/555fbe8e46fe4d5eae1cb0e3fd80f491-701x1024-1.jpg\" alt=\"\" class=\"wp-image-143 size-full\" srcset=\"https:\/\/www.kolping-second-hand.shop\/bamberg\/wp-content\/uploads\/2022\/07\/555fbe8e46fe4d5eae1cb0e3fd80f491-701x1024-1.jpg 701w, https:\/\/www.kolping-second-hand.shop\/bamberg\/wp-content\/uploads\/2022\/07\/555fbe8e46fe4d5eae1cb0e3fd80f491-701x1024-1-205x300.jpg 205w\" sizes=\"auto, (max-width: 701px) 100vw, 701px\" \/><\/figure><\/div>\n\n\n\n<div style=\"height:60px\" aria-hidden=\"true\" class=\"wp-block-spacer\"><\/div>\n\n\n\n<div class=\"wp-block-media-text alignwide is-stacked-on-mobile is-vertically-aligned-center\"><figure class=\"wp-block-media-text__media\"><img loading=\"lazy\" decoding=\"async\" width=\"701\" height=\"1024\" src=\"https:\/\/www.kolping-second-hand.shop\/bamberg\/wp-content\/uploads\/2022\/07\/11062b_365dc4a09847455692c5daa18fd0d93amv2_d_3464_2309_s_2-701x1024-1.jpg\" alt=\"\" class=\"wp-image-144 size-full\" srcset=\"https:\/\/www.kolping-second-hand.shop\/bamberg\/wp-content\/uploads\/2022\/07\/11062b_365dc4a09847455692c5daa18fd0d93amv2_d_3464_2309_s_2-701x1024-1.jpg 701w, https:\/\/www.kolping-second-hand.shop\/bamberg\/wp-content\/uploads\/2022\/07\/11062b_365dc4a09847455692c5daa18fd0d93amv2_d_3464_2309_s_2-701x1024-1-205x300.jpg 205w\" sizes=\"auto, (max-width: 701px) 100vw, 701px\" \/><\/figure><div class=\"wp-block-media-text__content\">\n<h2 class=\"wp-block-heading\">Weihnachtsmarkt<\/h2>\n\n\n\n<h3 class=\"wp-block-heading\"><strong>Ab Oktober <\/strong><\/h3>\n\n\n\n<p>Diese besondere Attraktion findet ebenfalls auf unserer Aktionsfl\u00e4che im 1. Stock, jedes Jahr ca. 8 Wochen vor Weihnachten, statt.<\/p>\n\n\n\n<p>Dort finden Sie Sch\u00f6nes rund um Weihnachten aus den letzten Jahrzehnten. Wir sammeln das ganze Jahr \u00fcber secondhand Weihnachtsartikel um Ihnen in dieser au\u00dfergew\u00f6hnlichen Zeit vor Weihnachten<\/p>\n\n\n\n<p>ein besonderes Einkaufserlebnis bieten zu k\u00f6nnen.<\/p>\n\n\n\n<p>Sie werden so manche Erinnerung aus Kindheitstagen dort finden oder Erg\u00e4nzungen zu lieb gewonnenen Weihnachtsschmuck\/Deko, welche man sonst nur noch schwer finden kann. Eine besondere Attraktion jedes Jahr ist unsere gro\u00dfe Auswahl an altem Weihnachtsbaum-Schmuck!<\/p>\n\n\n\n<p>Ein Besuch lohnt sich &#8211; Wir freuen uns auf Sie!<\/p>\n<\/div><\/div>\n","protected":false},"excerpt":{"rendered":"<p>Sonderaktionen Zu besonderen Zeiten erhalten Sie bei uns besondere Ware Ostermarkt Ab Februar Unser Fr\u00fchlingsmarkt \u00f6ffnet immer mit Sprie\u00dfen der ersten Blumen seine Tore bzw. seine Treppe. Denn der liebevoll gestaltete Basar [&hellip;]<\/p>\n","protected":false},"author":1,"featured_media":0,"parent":0,"menu_order":5,"comment_status":"closed","ping_status":"closed","template":"","meta":{"pgc_sgb_lightbox_settings":"","footnotes":""},"class_list":["post-27","page","type-page","status-publish","hentry"],"yoast_head":"<!-- This site is optimized with the Yoast SEO plugin v22.8 - https:\/\/yoast.com\/wordpress\/plugins\/seo\/ -->\n<title>Sonderaktionen - Kolping Second-Hand Shop Bamberg<\/title>\n<meta name=\"robots\" content=\"index, follow, max-snippet:-1, max-image-preview:large, max-video-preview:-1\" \/>\n<link rel=\"canonical\" href=\"https:\/\/www.kolping-second-hand.shop\/bamberg\/sonderaktionen\/\" \/>\n<meta property=\"og:locale\" content=\"de_DE\" \/>\n<meta property=\"og:type\" content=\"article\" \/>\n<meta property=\"og:title\" content=\"Sonderaktionen - Kolping Second-Hand Shop Bamberg\" \/>\n<meta property=\"og:description\" content=\"Sonderaktionen Zu besonderen Zeiten erhalten Sie bei uns besondere Ware Ostermarkt Ab Februar Unser Fr\u00fchlingsmarkt \u00f6ffnet immer mit Sprie\u00dfen der ersten Blumen seine Tore bzw. seine Treppe. Denn der liebevoll gestaltete Basar [&hellip;]\" \/>\n<meta property=\"og:url\" content=\"https:\/\/www.kolping-second-hand.shop\/bamberg\/sonderaktionen\/\" \/>\n<meta property=\"og:site_name\" content=\"Kolping Second-Hand Shop\" \/>\n<meta property=\"article:publisher\" content=\"https:\/\/facebook.com\/\" \/>\n<meta property=\"article:modified_time\" content=\"2025-03-31T12:31:40+00:00\" \/>\n<meta property=\"og:image\" content=\"https:\/\/www.kolping-second-hand.shop\/bamberg\/wp-content\/uploads\/2022\/07\/555fbe8e46fe4d5eae1cb0e3fd80f491-701x1024-1.jpg\" \/>\n<meta name=\"twitter:card\" content=\"summary_large_image\" \/>\n<meta name=\"twitter:label1\" content=\"Gesch\u00e4tzte Lesezeit\" \/>\n\t<meta name=\"twitter:data1\" content=\"2\u00a0Minuten\" \/>\n<script type=\"application\/ld+json\" class=\"yoast-schema-graph\">{\"@context\":\"https:\/\/schema.org\",\"@graph\":[{\"@type\":\"WebPage\",\"@id\":\"https:\/\/www.kolping-second-hand.shop\/bamberg\/sonderaktionen\/\",\"url\":\"https:\/\/www.kolping-second-hand.shop\/bamberg\/sonderaktionen\/\",\"name\":\"Sonderaktionen - Kolping Second-Hand Shop Bamberg\",\"isPartOf\":{\"@id\":\"https:\/\/www.kolping-second-hand.shop\/bamberg\/#website\"},\"primaryImageOfPage\":{\"@id\":\"https:\/\/www.kolping-second-hand.shop\/bamberg\/sonderaktionen\/#primaryimage\"},\"image\":{\"@id\":\"https:\/\/www.kolping-second-hand.shop\/bamberg\/sonderaktionen\/#primaryimage\"},\"thumbnailUrl\":\"https:\/\/www.kolping-second-hand.shop\/bamberg\/wp-content\/uploads\/2022\/07\/555fbe8e46fe4d5eae1cb0e3fd80f491-701x1024-1.jpg\",\"datePublished\":\"2022-07-04T09:51:32+00:00\",\"dateModified\":\"2025-03-31T12:31:40+00:00\",\"breadcrumb\":{\"@id\":\"https:\/\/www.kolping-second-hand.shop\/bamberg\/sonderaktionen\/#breadcrumb\"},\"inLanguage\":\"de\",\"potentialAction\":[{\"@type\":\"ReadAction\",\"target\":[\"https:\/\/www.kolping-second-hand.shop\/bamberg\/sonderaktionen\/\"]}]},{\"@type\":\"ImageObject\",\"inLanguage\":\"de\",\"@id\":\"https:\/\/www.kolping-second-hand.shop\/bamberg\/sonderaktionen\/#primaryimage\",\"url\":\"https:\/\/www.kolping-second-hand.shop\/bamberg\/wp-content\/uploads\/2022\/07\/555fbe8e46fe4d5eae1cb0e3fd80f491-701x1024-1.jpg\",\"contentUrl\":\"https:\/\/www.kolping-second-hand.shop\/bamberg\/wp-content\/uploads\/2022\/07\/555fbe8e46fe4d5eae1cb0e3fd80f491-701x1024-1.jpg\",\"width\":701,\"height\":1024},{\"@type\":\"BreadcrumbList\",\"@id\":\"https:\/\/www.kolping-second-hand.shop\/bamberg\/sonderaktionen\/#breadcrumb\",\"itemListElement\":[{\"@type\":\"ListItem\",\"position\":1,\"name\":\"Startseite\",\"item\":\"https:\/\/www.kolping-second-hand.shop\/bamberg\/\"},{\"@type\":\"ListItem\",\"position\":2,\"name\":\"Sonderaktionen\"}]},{\"@type\":\"WebSite\",\"@id\":\"https:\/\/www.kolping-second-hand.shop\/bamberg\/#website\",\"url\":\"https:\/\/www.kolping-second-hand.shop\/bamberg\/\",\"name\":\"Kolping Second-Hand Shop\",\"description\":\"\",\"publisher\":{\"@id\":\"https:\/\/www.kolping-second-hand.shop\/bamberg\/#organization\"},\"potentialAction\":[{\"@type\":\"SearchAction\",\"target\":{\"@type\":\"EntryPoint\",\"urlTemplate\":\"https:\/\/www.kolping-second-hand.shop\/bamberg\/?s={search_term_string}\"},\"query-input\":\"required name=search_term_string\"}],\"inLanguage\":\"de\"},{\"@type\":\"Organization\",\"@id\":\"https:\/\/www.kolping-second-hand.shop\/bamberg\/#organization\",\"name\":\"Kolping Second-Hand Shop Bamberg\",\"url\":\"https:\/\/www.kolping-second-hand.shop\/bamberg\/\",\"logo\":{\"@type\":\"ImageObject\",\"inLanguage\":\"de\",\"@id\":\"https:\/\/www.kolping-second-hand.shop\/bamberg\/#\/schema\/logo\/image\/\",\"url\":\"https:\/\/www.kolping-second-hand.shop\/bamberg\/wp-content\/uploads\/2022\/07\/logo-kolping.png\",\"contentUrl\":\"https:\/\/www.kolping-second-hand.shop\/bamberg\/wp-content\/uploads\/2022\/07\/logo-kolping.png\",\"width\":220,\"height\":49,\"caption\":\"Kolping Second-Hand Shop Bamberg\"},\"image\":{\"@id\":\"https:\/\/www.kolping-second-hand.shop\/bamberg\/#\/schema\/logo\/image\/\"},\"sameAs\":[\"https:\/\/facebook.com\/\"]}]}<\/script>\n<!-- \/ Yoast SEO plugin. -->","yoast_head_json":{"title":"Sonderaktionen - Kolping Second-Hand Shop Bamberg","robots":{"index":"index","follow":"follow","max-snippet":"max-snippet:-1","max-image-preview":"max-image-preview:large","max-video-preview":"max-video-preview:-1"},"canonical":"https:\/\/www.kolping-second-hand.shop\/bamberg\/sonderaktionen\/","og_locale":"de_DE","og_type":"article","og_title":"Sonderaktionen - Kolping Second-Hand Shop Bamberg","og_description":"Sonderaktionen Zu besonderen Zeiten erhalten Sie bei uns besondere Ware Ostermarkt Ab Februar Unser Fr\u00fchlingsmarkt \u00f6ffnet immer mit Sprie\u00dfen der ersten Blumen seine Tore bzw. seine Treppe. Denn der liebevoll gestaltete Basar [&hellip;]","og_url":"https:\/\/www.kolping-second-hand.shop\/bamberg\/sonderaktionen\/","og_site_name":"Kolping Second-Hand Shop","article_publisher":"https:\/\/facebook.com\/","article_modified_time":"2025-03-31T12:31:40+00:00","og_image":[{"url":"https:\/\/www.kolping-second-hand.shop\/bamberg\/wp-content\/uploads\/2022\/07\/555fbe8e46fe4d5eae1cb0e3fd80f491-701x1024-1.jpg"}],"twitter_card":"summary_large_image","twitter_misc":{"Gesch\u00e4tzte Lesezeit":"2\u00a0Minuten"},"schema":{"@context":"https:\/\/schema.org","@graph":[{"@type":"WebPage","@id":"https:\/\/www.kolping-second-hand.shop\/bamberg\/sonderaktionen\/","url":"https:\/\/www.kolping-second-hand.shop\/bamberg\/sonderaktionen\/","name":"Sonderaktionen - Kolping Second-Hand Shop Bamberg","isPartOf":{"@id":"https:\/\/www.kolping-second-hand.shop\/bamberg\/#website"},"primaryImageOfPage":{"@id":"https:\/\/www.kolping-second-hand.shop\/bamberg\/sonderaktionen\/#primaryimage"},"image":{"@id":"https:\/\/www.kolping-second-hand.shop\/bamberg\/sonderaktionen\/#primaryimage"},"thumbnailUrl":"https:\/\/www.kolping-second-hand.shop\/bamberg\/wp-content\/uploads\/2022\/07\/555fbe8e46fe4d5eae1cb0e3fd80f491-701x1024-1.jpg","datePublished":"2022-07-04T09:51:32+00:00","dateModified":"2025-03-31T12:31:40+00:00","breadcrumb":{"@id":"https:\/\/www.kolping-second-hand.shop\/bamberg\/sonderaktionen\/#breadcrumb"},"inLanguage":"de","potentialAction":[{"@type":"ReadAction","target":["https:\/\/www.kolping-second-hand.shop\/bamberg\/sonderaktionen\/"]}]},{"@type":"ImageObject","inLanguage":"de","@id":"https:\/\/www.kolping-second-hand.shop\/bamberg\/sonderaktionen\/#primaryimage","url":"https:\/\/www.kolping-second-hand.shop\/bamberg\/wp-content\/uploads\/2022\/07\/555fbe8e46fe4d5eae1cb0e3fd80f491-701x1024-1.jpg","contentUrl":"https:\/\/www.kolping-second-hand.shop\/bamberg\/wp-content\/uploads\/2022\/07\/555fbe8e46fe4d5eae1cb0e3fd80f491-701x1024-1.jpg","width":701,"height":1024},{"@type":"BreadcrumbList","@id":"https:\/\/www.kolping-second-hand.shop\/bamberg\/sonderaktionen\/#breadcrumb","itemListElement":[{"@type":"ListItem","position":1,"name":"Startseite","item":"https:\/\/www.kolping-second-hand.shop\/bamberg\/"},{"@type":"ListItem","position":2,"name":"Sonderaktionen"}]},{"@type":"WebSite","@id":"https:\/\/www.kolping-second-hand.shop\/bamberg\/#website","url":"https:\/\/www.kolping-second-hand.shop\/bamberg\/","name":"Kolping Second-Hand Shop","description":"","publisher":{"@id":"https:\/\/www.kolping-second-hand.shop\/bamberg\/#organization"},"potentialAction":[{"@type":"SearchAction","target":{"@type":"EntryPoint","urlTemplate":"https:\/\/www.kolping-second-hand.shop\/bamberg\/?s={search_term_string}"},"query-input":"required name=search_term_string"}],"inLanguage":"de"},{"@type":"Organization","@id":"https:\/\/www.kolping-second-hand.shop\/bamberg\/#organization","name":"Kolping Second-Hand Shop Bamberg","url":"https:\/\/www.kolping-second-hand.shop\/bamberg\/","logo":{"@type":"ImageObject","inLanguage":"de","@id":"https:\/\/www.kolping-second-hand.shop\/bamberg\/#\/schema\/logo\/image\/","url":"https:\/\/www.kolping-second-hand.shop\/bamberg\/wp-content\/uploads\/2022\/07\/logo-kolping.png","contentUrl":"https:\/\/www.kolping-second-hand.shop\/bamberg\/wp-content\/uploads\/2022\/07\/logo-kolping.png","width":220,"height":49,"caption":"Kolping Second-Hand Shop Bamberg"},"image":{"@id":"https:\/\/www.kolping-second-hand.shop\/bamberg\/#\/schema\/logo\/image\/"},"sameAs":["https:\/\/facebook.com\/"]}]}},"_links":{"self":[{"href":"https:\/\/www.kolping-second-hand.shop\/bamberg\/wp-json\/wp\/v2\/pages\/27","targetHints":{"allow":["GET"]}}],"collection":[{"href":"https:\/\/www.kolping-second-hand.shop\/bamberg\/wp-json\/wp\/v2\/pages"}],"about":[{"href":"https:\/\/www.kolping-second-hand.shop\/bamberg\/wp-json\/wp\/v2\/types\/page"}],"author":[{"embeddable":true,"href":"https:\/\/www.kolping-second-hand.shop\/bamberg\/wp-json\/wp\/v2\/users\/1"}],"replies":[{"embeddable":true,"href":"https:\/\/www.kolping-second-hand.shop\/bamberg\/wp-json\/wp\/v2\/comments?post=27"}],"version-history":[{"count":15,"href":"https:\/\/www.kolping-second-hand.shop\/bamberg\/wp-json\/wp\/v2\/pages\/27\/revisions"}],"predecessor-version":[{"id":321,"href":"https:\/\/www.kolping-second-hand.shop\/bamberg\/wp-json\/wp\/v2\/pages\/27\/revisions\/321"}],"wp:attachment":[{"href":"https:\/\/www.kolping-second-hand.shop\/bamberg\/wp-json\/wp\/v2\/media?parent=27"}],"curies":[{"name":"wp","href":"https:\/\/api.w.org\/{rel}","templated":true}]}}