{"id":66,"date":"2022-07-04T13:29:45","date_gmt":"2022-07-04T11:29:45","guid":{"rendered":"http:\/\/www.kolping-second-hand.shop\/?page_id=66"},"modified":"2026-03-01T12:31:46","modified_gmt":"2026-03-01T11:31:46","slug":"dienstleistungen","status":"publish","type":"page","link":"https:\/\/www.kolping-second-hand.shop\/bamberg\/dienstleistungen\/","title":{"rendered":"Dienstleistungen"},"content":{"rendered":"\n<h1 class=\"wp-block-heading has-text-align-center has-text-color\" style=\"color:#ff7c00\">Dienstleistungen<\/h1>\n\n\n\n<div class=\"wp-block-group\"><div class=\"wp-block-group__inner-container is-layout-flow wp-block-group-is-layout-flow\">\n<h2 class=\"wp-block-heading has-text-align-center\">Unterst\u00fctzung bei Haushaltsaufl\u00f6sungen &amp; M\u00f6belspenden<\/h2>\n\n\n\n<p class=\"has-text-align-center\">Wenn Sie Unterst\u00fctzung bei der Aufl\u00f6sung eines Hausstandes ben\u00f6tigen, stehen wir Ihnen gerne zur Seite.<\/p>\n\n\n\n<p class=\"has-text-align-center\">Wir nehmen verwertbare Waren direkt vor Ort an oder vereinbaren bei gr\u00f6\u00dferen M\u00f6belspenden einen individuellen Abholtermin.<\/p>\n\n\n\n<p class=\"has-text-align-center\">Kontaktieren Sie uns einfach telefonisch \u2013 unsere Mitarbeitenden besprechen mit Ihnen alle weiteren Schritte und organisieren die Annahme oder Abholung unkompliziert und zuverl\u00e4ssig.<\/p>\n\n\n\n<p class=\"has-text-align-center\">Selbstverst\u00e4ndlich gehen wir dabei auf Ihre pers\u00f6nlichen W\u00fcnsche ein und sorgen f\u00fcr einen reibungslosen Ablauf.<\/p>\n\n\n\n<div style=\"height:40px\" aria-hidden=\"true\" class=\"wp-block-spacer\"><\/div>\n<\/div><\/div>\n\n\n\n<div class=\"wp-block-group\"><div class=\"wp-block-group__inner-container is-layout-flow wp-block-group-is-layout-flow\">\n<h2 class=\"wp-block-heading has-text-align-center\">Selbstanlieferung<\/h2>\n\n\n\n<p class=\"has-text-align-center\">Nat\u00fcrlich k\u00f6nnen Sie Ihre M\u00f6bel, Fahrr\u00e4der, Elektrogro\u00dfger\u00e4te und Kleidung zu unseren Warenannahmezeiten in der Siechenstr. 69 in Bamberg selbst anliefern.<\/p>\n\n\n\n<p class=\"has-text-align-center\">Ihre Haushaltswaren, Dekoartikel, Spielwaren, B\u00fccher, CD\u2019s, Schallplatten, Kleidung usw. k\u00f6nnen Sie am Laubanger 9a in Bamberg selbst anliefern.<\/p>\n\n\n\n<p class=\"has-text-align-center\">Sie k\u00f6nnen uns gerne Fotos von Ihren guterhaltenen M\u00f6beln per Mail oder What`s App zusenden, wir werden Ihnen dann entsprechend eine R\u00fcckmeldung geben. Tel.: 0157\/51344375                                       <\/p>\n\n\n\n<p class=\"has-text-align-center\"><strong>Unser Personal begutachtet die Ware bei Ablieferung oder Abholung. Die Entscheidung f\u00e4llt immer Vorort!<\/strong><\/p>\n\n\n\n<div style=\"height:40px\" aria-hidden=\"true\" class=\"wp-block-spacer\"><\/div>\n<\/div><\/div>\n\n\n\n<div class=\"wp-block-group\"><div class=\"wp-block-group__inner-container is-layout-flow wp-block-group-is-layout-flow\">\n<h2 class=\"wp-block-heading has-text-align-center\">Abholung<\/h2>\n\n\n\n<p class=\"has-text-align-center\">Dar\u00fcber hinaus holen wir auch einzelne M\u00f6belst\u00fccke, Haushaltswaren, Elektroger\u00e4te und Kleidung zu gesonderten Terminen ab.<\/p>\n\n\n\n<p class=\"has-text-align-center\"><strong><em>Unser Personal begutachtet die Ware immer bei Anlieferung oder Abholung vor Ort.&nbsp;<\/em><\/strong><\/p>\n\n\n\n<div style=\"height:40px\" aria-hidden=\"true\" class=\"wp-block-spacer\"><\/div>\n<\/div><\/div>\n\n\n\n<div class=\"wp-block-group\"><div class=\"wp-block-group__inner-container is-layout-flow wp-block-group-is-layout-flow\">\n<h2 class=\"wp-block-heading has-text-align-center\">Unsere Kosten<\/h2>\n\n\n\n<p class=\"has-text-align-center\"><strong>Sonderabholung von maximal 3 Kleinm\u00f6belst\u00fccken:<\/strong><\/p>\n\n\n\n<p class=\"has-text-align-center\"><strong>20,00 \u20ac brutto<\/strong> je Abholung in der Stadt Bamberg<\/p>\n\n\n\n<p class=\"has-text-align-center\"><strong>30,00 \u20ac brutto<\/strong> je Abholung im Landkreis Bamberg<\/p>\n\n\n\n<p class=\"has-text-align-center has-small-font-size\"><strong><em>Hinweis: <\/em><\/strong><em>Bei einer Sonderabholung m\u00fcssen die M\u00f6belst\u00fccke bereits zerlegt bzw. abholbereit bereitstehen.<\/em><\/p>\n\n\n\n<div style=\"height:25px\" aria-hidden=\"true\" class=\"wp-block-spacer\"><\/div>\n<\/div><\/div>\n\n\n\n<div class=\"wp-block-group\"><div class=\"wp-block-group__inner-container is-layout-flow wp-block-group-is-layout-flow\">\n<p class=\"has-text-align-center\"><strong>Abholung ab 4 M\u00f6belst\u00fccken \/ Haushaltsaufl\u00f6sungen \/ Entsorgungen<\/strong><\/p>\n\n\n\n<p class=\"has-text-align-center\">Wir unterbreiten Ihnen ein individuelles und faires Angebot auf Basis einer Besichtigung ihrer Immobilie bzw. einer genauen Abfrage ihres Anliegens.<\/p>\n\n\n\n<div style=\"height:40px\" aria-hidden=\"true\" class=\"wp-block-spacer\"><\/div>\n<\/div><\/div>\n\n\n\n<div class=\"wp-block-group\"><div class=\"wp-block-group__inner-container is-layout-flow wp-block-group-is-layout-flow\">\n<p class=\"has-text-align-center\">Bei weiteren Fragen kontaktieren Sie uns gerne per E-Mail an info@kolpingservices.de oder telefonisch unter 0951 \/ 91671-0.<\/p>\n\n\n\n<p class=\"has-text-align-center\">WhatsApp: 0157 \/ 51344375<\/p>\n\n\n\n<p class=\"has-text-align-center\"><strong>Wichtig: Wir bieten keinen Umzugsservice an.<\/strong><\/p>\n\n\n\n<div style=\"height:100px\" aria-hidden=\"true\" class=\"wp-block-spacer\"><\/div>\n<\/div><\/div>\n\n\n\n<div class=\"wp-block-group\"><div class=\"wp-block-group__inner-container is-layout-flow wp-block-group-is-layout-flow\">\n<h1 class=\"wp-block-heading has-text-align-center has-text-color\" style=\"color:#ff7c00\">Nachhaltigkeit <\/h1>\n\n\n\n<h2 class=\"wp-block-heading has-text-align-center\">wird bei uns gro\u00df geschrieben!<\/h2>\n\n\n\n<p class=\"has-text-align-center\">Kolping engagiert sich seit Jahren bei der R\u00fcckgewinnung von Rohstoffen durch strenge Sortierung.&nbsp;Bei uns bekommt fast alles eine 2. Chance und sollte es doch mal entsorgt werden m\u00fcssen &#8211; dann korrekt!<\/p>\n\n\n\n<p class=\"has-text-align-center\">In unseren Second-Hand-L\u00e4den werden Waren angeboten, die ohne uns wahrscheinlich im M\u00fcll gelandet w\u00e4ren.&nbsp; Zus\u00e4tzlich wird der dabei anfallende M\u00fcll wie z.B. durch Verpackungen oder Bruch,&nbsp;<strong>streng getrennt<\/strong>&nbsp;und&nbsp;<strong>ordnungsgem\u00e4\u00df entsorgt<\/strong>.<\/p>\n\n\n\n<p class=\"has-text-align-center\">Zum Leidwesen so mancher k\u00f6nnen wir gewisse Gegenst\u00e4nde nicht annehmen, weil eine m\u00f6gliche Entsorgung f\u00fcr z.B. Chemikalien, Farben, k\u00fcnstliche Christb\u00e4ume etc. nicht gew\u00e4hrleitstetwerden kann.&nbsp; Auch wir sto\u00dfen hier an unsere Grenzen.<br><\/p>\n\n\n\n<p class=\"has-text-align-center\">Ein weiteres Beispiel f\u00fcr unser Engagement in Sachen Nachhaltigkeit, sind die von uns durchgef\u00fchrten&nbsp;<strong>Haushaltsaufl\u00f6sungen<\/strong>. Neben der Ware welche in unseren Verkaufsl\u00e4den landet, fallen auch die unterschiedlichsten Rohstoffe an und wir k\u00f6nnen unseren Auftraggeber eine 100% korrekte Entsorgung versichern. Was uns auf dem Markt der Haushaltsaufl\u00f6sungen sicher nicht zum g\u00fcnstigsten Anbieter<br>macht, aber wahrscheinlich zum Nachhaltigsten.<\/p>\n\n\n\n<p class=\"has-text-align-center\"><br>Zus\u00e4tzlich f\u00fchren wir f\u00fcr das Landratsamt Bamberg eine regelm\u00e4\u00dfige&nbsp;<strong>E-Schrott Tour<\/strong> durch, bei welchen wir den gesammelten E-Schrott zur Weiterverarbeitung bzw. zur Aufsplittung von Rohmaterialen an soziale Projekte weitergeben, dies sich auf das Zerlegen so einer Ware spezialisiert haben.<\/p>\n\n\n\n<p class=\"has-text-align-center\"><br>Last but not least unsere&nbsp;<strong>Textile Kleidersammlungen<\/strong>. Alle Textilien, welche bei Kolping Laubanger oder Kolping-Center abgegeben werden, unterziehen sich einer t\u00e4glichen Sichtung und Aussortierung. Verkaufsf\u00e4hige Ware landet bei uns in den Second-Hand L\u00e4den, der Rest wird zur Weiterverarbeitung zu unserem Kolping Gro\u00dfabnehmer nach Kassel geschickt. Wir reden hier von monatlich 9000 &#8211; 12000 kg<br>an Textilien die einzeln oder teilweise mehrfach durch unsere H\u00e4nde gehen.<\/p>\n\n\n\n<p class=\"has-text-align-center\">(Dies gilt nur f\u00fcr die Textilcontainer am Laubanger bzw. pers\u00f6nliche Abgaben Im Kolpingcenter! Andere Kolping Container im Stadtgebiet oder Landkreis werden von einer anderen Zweigstelle Kolpings betreut!)<\/p>\n\n\n\n<div style=\"height:40px\" aria-hidden=\"true\" class=\"wp-block-spacer\"><\/div>\n<\/div><\/div>\n","protected":false},"excerpt":{"rendered":"<p>Dienstleistungen Unterst\u00fctzung bei Haushaltsaufl\u00f6sungen &amp; M\u00f6belspenden Wenn Sie Unterst\u00fctzung bei der Aufl\u00f6sung eines Hausstandes ben\u00f6tigen, stehen wir Ihnen gerne zur Seite. Wir nehmen verwertbare Waren direkt vor Ort an oder vereinbaren bei [&hellip;]<\/p>\n","protected":false},"author":1,"featured_media":0,"parent":0,"menu_order":6,"comment_status":"closed","ping_status":"closed","template":"","meta":{"pgc_sgb_lightbox_settings":"","footnotes":""},"class_list":["post-66","page","type-page","status-publish","hentry"],"yoast_head":"<!-- This site is optimized with the Yoast SEO plugin v22.8 - https:\/\/yoast.com\/wordpress\/plugins\/seo\/ -->\n<title>Dienstleistungen - Kolping Second-Hand Shop Bamberg<\/title>\n<meta name=\"robots\" content=\"index, follow, max-snippet:-1, max-image-preview:large, max-video-preview:-1\" \/>\n<link rel=\"canonical\" href=\"https:\/\/www.kolping-second-hand.shop\/bamberg\/dienstleistungen\/\" \/>\n<meta property=\"og:locale\" content=\"de_DE\" \/>\n<meta property=\"og:type\" content=\"article\" \/>\n<meta property=\"og:title\" content=\"Dienstleistungen - Kolping Second-Hand Shop Bamberg\" \/>\n<meta property=\"og:description\" content=\"Dienstleistungen Unterst\u00fctzung bei Haushaltsaufl\u00f6sungen &amp; M\u00f6belspenden Wenn Sie Unterst\u00fctzung bei der Aufl\u00f6sung eines Hausstandes ben\u00f6tigen, stehen wir Ihnen gerne zur Seite. Wir nehmen verwertbare Waren direkt vor Ort an oder vereinbaren bei [&hellip;]\" \/>\n<meta property=\"og:url\" content=\"https:\/\/www.kolping-second-hand.shop\/bamberg\/dienstleistungen\/\" \/>\n<meta property=\"og:site_name\" content=\"Kolping Second-Hand Shop\" \/>\n<meta property=\"article:publisher\" content=\"https:\/\/facebook.com\/\" \/>\n<meta property=\"article:modified_time\" content=\"2026-03-01T11:31:46+00:00\" \/>\n<meta name=\"twitter:card\" content=\"summary_large_image\" \/>\n<meta name=\"twitter:label1\" content=\"Gesch\u00e4tzte Lesezeit\" \/>\n\t<meta name=\"twitter:data1\" content=\"4\u00a0Minuten\" \/>\n<script type=\"application\/ld+json\" class=\"yoast-schema-graph\">{\"@context\":\"https:\/\/schema.org\",\"@graph\":[{\"@type\":\"WebPage\",\"@id\":\"https:\/\/www.kolping-second-hand.shop\/bamberg\/dienstleistungen\/\",\"url\":\"https:\/\/www.kolping-second-hand.shop\/bamberg\/dienstleistungen\/\",\"name\":\"Dienstleistungen - Kolping Second-Hand Shop Bamberg\",\"isPartOf\":{\"@id\":\"https:\/\/www.kolping-second-hand.shop\/bamberg\/#website\"},\"datePublished\":\"2022-07-04T11:29:45+00:00\",\"dateModified\":\"2026-03-01T11:31:46+00:00\",\"breadcrumb\":{\"@id\":\"https:\/\/www.kolping-second-hand.shop\/bamberg\/dienstleistungen\/#breadcrumb\"},\"inLanguage\":\"de\",\"potentialAction\":[{\"@type\":\"ReadAction\",\"target\":[\"https:\/\/www.kolping-second-hand.shop\/bamberg\/dienstleistungen\/\"]}]},{\"@type\":\"BreadcrumbList\",\"@id\":\"https:\/\/www.kolping-second-hand.shop\/bamberg\/dienstleistungen\/#breadcrumb\",\"itemListElement\":[{\"@type\":\"ListItem\",\"position\":1,\"name\":\"Startseite\",\"item\":\"https:\/\/www.kolping-second-hand.shop\/bamberg\/\"},{\"@type\":\"ListItem\",\"position\":2,\"name\":\"Dienstleistungen\"}]},{\"@type\":\"WebSite\",\"@id\":\"https:\/\/www.kolping-second-hand.shop\/bamberg\/#website\",\"url\":\"https:\/\/www.kolping-second-hand.shop\/bamberg\/\",\"name\":\"Kolping Second-Hand Shop\",\"description\":\"\",\"publisher\":{\"@id\":\"https:\/\/www.kolping-second-hand.shop\/bamberg\/#organization\"},\"potentialAction\":[{\"@type\":\"SearchAction\",\"target\":{\"@type\":\"EntryPoint\",\"urlTemplate\":\"https:\/\/www.kolping-second-hand.shop\/bamberg\/?s={search_term_string}\"},\"query-input\":\"required name=search_term_string\"}],\"inLanguage\":\"de\"},{\"@type\":\"Organization\",\"@id\":\"https:\/\/www.kolping-second-hand.shop\/bamberg\/#organization\",\"name\":\"Kolping Second-Hand Shop Bamberg\",\"url\":\"https:\/\/www.kolping-second-hand.shop\/bamberg\/\",\"logo\":{\"@type\":\"ImageObject\",\"inLanguage\":\"de\",\"@id\":\"https:\/\/www.kolping-second-hand.shop\/bamberg\/#\/schema\/logo\/image\/\",\"url\":\"https:\/\/www.kolping-second-hand.shop\/bamberg\/wp-content\/uploads\/2022\/07\/logo-kolping.png\",\"contentUrl\":\"https:\/\/www.kolping-second-hand.shop\/bamberg\/wp-content\/uploads\/2022\/07\/logo-kolping.png\",\"width\":220,\"height\":49,\"caption\":\"Kolping Second-Hand Shop Bamberg\"},\"image\":{\"@id\":\"https:\/\/www.kolping-second-hand.shop\/bamberg\/#\/schema\/logo\/image\/\"},\"sameAs\":[\"https:\/\/facebook.com\/\"]}]}<\/script>\n<!-- \/ Yoast SEO plugin. -->","yoast_head_json":{"title":"Dienstleistungen - Kolping Second-Hand Shop Bamberg","robots":{"index":"index","follow":"follow","max-snippet":"max-snippet:-1","max-image-preview":"max-image-preview:large","max-video-preview":"max-video-preview:-1"},"canonical":"https:\/\/www.kolping-second-hand.shop\/bamberg\/dienstleistungen\/","og_locale":"de_DE","og_type":"article","og_title":"Dienstleistungen - Kolping Second-Hand Shop Bamberg","og_description":"Dienstleistungen Unterst\u00fctzung bei Haushaltsaufl\u00f6sungen &amp; M\u00f6belspenden Wenn Sie Unterst\u00fctzung bei der Aufl\u00f6sung eines Hausstandes ben\u00f6tigen, stehen wir Ihnen gerne zur Seite. Wir nehmen verwertbare Waren direkt vor Ort an oder vereinbaren bei [&hellip;]","og_url":"https:\/\/www.kolping-second-hand.shop\/bamberg\/dienstleistungen\/","og_site_name":"Kolping Second-Hand Shop","article_publisher":"https:\/\/facebook.com\/","article_modified_time":"2026-03-01T11:31:46+00:00","twitter_card":"summary_large_image","twitter_misc":{"Gesch\u00e4tzte Lesezeit":"4\u00a0Minuten"},"schema":{"@context":"https:\/\/schema.org","@graph":[{"@type":"WebPage","@id":"https:\/\/www.kolping-second-hand.shop\/bamberg\/dienstleistungen\/","url":"https:\/\/www.kolping-second-hand.shop\/bamberg\/dienstleistungen\/","name":"Dienstleistungen - Kolping Second-Hand Shop Bamberg","isPartOf":{"@id":"https:\/\/www.kolping-second-hand.shop\/bamberg\/#website"},"datePublished":"2022-07-04T11:29:45+00:00","dateModified":"2026-03-01T11:31:46+00:00","breadcrumb":{"@id":"https:\/\/www.kolping-second-hand.shop\/bamberg\/dienstleistungen\/#breadcrumb"},"inLanguage":"de","potentialAction":[{"@type":"ReadAction","target":["https:\/\/www.kolping-second-hand.shop\/bamberg\/dienstleistungen\/"]}]},{"@type":"BreadcrumbList","@id":"https:\/\/www.kolping-second-hand.shop\/bamberg\/dienstleistungen\/#breadcrumb","itemListElement":[{"@type":"ListItem","position":1,"name":"Startseite","item":"https:\/\/www.kolping-second-hand.shop\/bamberg\/"},{"@type":"ListItem","position":2,"name":"Dienstleistungen"}]},{"@type":"WebSite","@id":"https:\/\/www.kolping-second-hand.shop\/bamberg\/#website","url":"https:\/\/www.kolping-second-hand.shop\/bamberg\/","name":"Kolping Second-Hand Shop","description":"","publisher":{"@id":"https:\/\/www.kolping-second-hand.shop\/bamberg\/#organization"},"potentialAction":[{"@type":"SearchAction","target":{"@type":"EntryPoint","urlTemplate":"https:\/\/www.kolping-second-hand.shop\/bamberg\/?s={search_term_string}"},"query-input":"required name=search_term_string"}],"inLanguage":"de"},{"@type":"Organization","@id":"https:\/\/www.kolping-second-hand.shop\/bamberg\/#organization","name":"Kolping Second-Hand Shop Bamberg","url":"https:\/\/www.kolping-second-hand.shop\/bamberg\/","logo":{"@type":"ImageObject","inLanguage":"de","@id":"https:\/\/www.kolping-second-hand.shop\/bamberg\/#\/schema\/logo\/image\/","url":"https:\/\/www.kolping-second-hand.shop\/bamberg\/wp-content\/uploads\/2022\/07\/logo-kolping.png","contentUrl":"https:\/\/www.kolping-second-hand.shop\/bamberg\/wp-content\/uploads\/2022\/07\/logo-kolping.png","width":220,"height":49,"caption":"Kolping Second-Hand Shop Bamberg"},"image":{"@id":"https:\/\/www.kolping-second-hand.shop\/bamberg\/#\/schema\/logo\/image\/"},"sameAs":["https:\/\/facebook.com\/"]}]}},"_links":{"self":[{"href":"https:\/\/www.kolping-second-hand.shop\/bamberg\/wp-json\/wp\/v2\/pages\/66","targetHints":{"allow":["GET"]}}],"collection":[{"href":"https:\/\/www.kolping-second-hand.shop\/bamberg\/wp-json\/wp\/v2\/pages"}],"about":[{"href":"https:\/\/www.kolping-second-hand.shop\/bamberg\/wp-json\/wp\/v2\/types\/page"}],"author":[{"embeddable":true,"href":"https:\/\/www.kolping-second-hand.shop\/bamberg\/wp-json\/wp\/v2\/users\/1"}],"replies":[{"embeddable":true,"href":"https:\/\/www.kolping-second-hand.shop\/bamberg\/wp-json\/wp\/v2\/comments?post=66"}],"version-history":[{"count":11,"href":"https:\/\/www.kolping-second-hand.shop\/bamberg\/wp-json\/wp\/v2\/pages\/66\/revisions"}],"predecessor-version":[{"id":355,"href":"https:\/\/www.kolping-second-hand.shop\/bamberg\/wp-json\/wp\/v2\/pages\/66\/revisions\/355"}],"wp:attachment":[{"href":"https:\/\/www.kolping-second-hand.shop\/bamberg\/wp-json\/wp\/v2\/media?parent=66"}],"curies":[{"name":"wp","href":"https:\/\/api.w.org\/{rel}","templated":true}]}}